{"id":148,"date":"2014-02-18T16:36:13","date_gmt":"2014-02-18T16:36:13","guid":{"rendered":"http:\/\/grandtimeshotel.com\/sherbrooke\/?page_id=148"},"modified":"2021-06-12T01:14:57","modified_gmt":"2021-06-12T01:14:57","slug":"attractions","status":"publish","type":"page","link":"https:\/\/www.grandtimeshotel.com\/grand-times-sherbrooke\/attractions\/","title":{"rendered":"Attractions"},"content":{"rendered":"<p><\/p>\n<ul>\n<li><a href=\"http:\/\/diocesedesherbrooke.org\/fr\/index.snc\" target=\"_blank\" rel=\"noopener\">Basilique-Cath\u00e9drale Saint-Michel<\/a><\/li>\n<li><a href=\"https:\/\/www.bleulavande.com\/\" target=\"_blank\" rel=\"noopener\">Bleu Lavande<\/a><\/li>\n<li><a href=\"http:\/\/www.carrefourdelestrie.com\/\" target=\"_blank\" rel=\"noopener\">Centre commercial Carrefour de l&#8217;Estrie<\/a><\/li>\n<li><a href=\"http:\/\/www.uplands.ca\/\" target=\"_blank\" rel=\"noopener\">Centre culturel et du patrimoine Uplands<\/a><\/li>\n<li><a href=\"https:\/\/mhist.org\/\" target=\"_blank\" rel=\"noopener\">Soci\u00e9t\u00e9 d&#8217;histoire de Sherbrooke<\/a><\/li>\n<li><a href=\"http:\/\/www.skibromont.com\/\" target=\"_blank\" rel=\"noopener\">Centre de Ski Bromont et Parc Aquatique<\/a><\/li>\n<li><a href=\"https:\/\/montsutton.com\/\" target=\"_blank\" rel=\"noopener\">Centre de ski Mont Sutton<\/a><\/li>\n<li><a href=\"http:\/\/www.owlshead.com\/\" target=\"_blank\" rel=\"noopener\">Centre de ski Owl&#8217;s Head<\/a><\/li>\n<li><a href=\"https:\/\/www.ville.sherbrooke.qc.ca\/sous-site\/station-de-ski-du-mont-bellevue\/\" target=\"_blank\" rel=\"noopener\">Centre du ski Parc du Mont-Bellevue<\/a><\/li>\n<li><a href=\"http:\/\/www.centremarie-leonieparadis.com\/\" target=\"_blank\" rel=\"noopener\">Centre Marie-L\u00e9onie-Paradis<\/a><\/li>\n<li><a href=\"http:\/\/lecentro.co\/\" target=\"_blank\" rel=\"noopener\">Centre-ville de Sherbrooke<\/a><\/li>\n<li><a href=\"https:\/\/www.cineplex.com\/Cinema\/cinema-galaxy-sherbrooke\" target=\"_blank\" rel=\"noopener\">Cin\u00e9plex Galaxy<\/a><\/li>\n<li><a href=\"https:\/\/www.cantonsdelest.com\/tag\/180\/velo\" target=\"_blank\" rel=\"noopener\">La V\u00e9loroute des Cantons \/ R\u00e9seau des Grandes Fourches<\/a><\/li>\n<li><a href=\"http:\/\/fetedulacdesnations.com\/\" target=\"_blank\" rel=\"noopener\">F\u00eate du Lac des Nations<\/a><\/li>\n<li><a href=\"https:\/\/baladodecouverte.com\/circuits\/139\/circuit-des-murales-de-sherbrooke--guide-virtuel\" target=\"_blank\" rel=\"noopener\">Les murales de Sherbrooke<\/a><\/li>\n<li><a href=\"http:\/\/www.pc.gc.ca\/fra\/lhn-nhs\/qc\/stlaurent\/index.aspx\" target=\"_blank\" rel=\"noopener\">Lieu historique national Louis St-Laurent<\/a><\/li>\n<li><a href=\"https:\/\/baladodecouverte.com\/circuits\/660\/circuits-touristiques-de-sherbrooke\" target=\"_blank\" rel=\"noopener\">Balado D\u00e9couverte<\/a><\/li>\n<\/ul>\n<ul>\n<li><a href=\"http:\/\/lamaisonducinema.com\/\" target=\"_blank\" rel=\"noopener\">Maison du cin\u00e9ma<\/a><\/li>\n<li><a href=\"http:\/\/marchedelagare.com\/\" target=\"_blank\" rel=\"noopener\">March\u00e9 de la Gare<\/a><\/li>\n<li><a href=\"http:\/\/www.miellerielunedemiel.com\/\" target=\"_blank\" rel=\"noopener\">Miellerie Lune de Miel<\/a><\/li>\n<li><a href=\"https:\/\/mns2.ca\/\" target=\"_blank\" rel=\"noopener\">Mus\u00e9e de la nature et des sciences<\/a><\/li>\n<li><a href=\"http:\/\/www.mbas.qc.ca\/\" target=\"_blank\" rel=\"noopener\">Mus\u00e9e des beaux-arts de Sherbrooke<\/a><\/li>\n<li><a href=\"https:\/\/www.museebombardier.com\/\" target=\"_blank\" rel=\"noopener\">Mus\u00e9e J-Armand Bombardier<\/a><\/li>\n<li><a href=\"http:\/\/www.gorgedecoaticook.qc.ca\/\" target=\"_blank\" rel=\"noopener\">Parc de la gorge de Coaticook<\/a><\/li>\n<li><a href=\"https:\/\/www.sepaq.com\/pq\/mor\/index.dot?language_id=2\" target=\"_blank\" rel=\"noopener\">Parc National du Mont Orford (ski alpin, de randonn\u00e9e et raquettes)<\/a><\/li>\n<li><a href=\"https:\/\/www.destinationsherbrooke.com\/fr\/visiteurs\/quoi-faire\/promenade-du-lac-des-nations\" target=\"_blank\" rel=\"noopener\">Promenade du lac des Nations<\/a><\/li>\n<li><a href=\"http:\/\/sanctuairedebeauvoir.qc.ca\/\" target=\"_blank\" rel=\"noopener\">Sanctuaire de Beauvoir<\/a><\/li>\n<li><a href=\"http:\/\/www.theatregranada.com\/\" target=\"_blank\" rel=\"noopener\">Th\u00e9\u00e2tre Granada<\/a><\/li>\n<li><a href=\"http:\/\/www.vieuxclocher.com\/\" target=\"_blank\" rel=\"noopener\">Th\u00e9\u00e2tre Le Vieux Clocher Magog<\/a><\/li>\n<li><a href=\"http:\/\/www.destinationsherbrooke.com\/\" target=\"_blank\" rel=\"noopener\">Destination Sherbrooke<\/a><\/li>\n<li><a href=\"http:\/\/www.orfordexpress.com\/\" target=\"_blank\" rel=\"noopener\">Train touristique Orford Express<\/a><\/li>\n<li><a href=\"http:\/\/www.haltedespelerins.com\/\" target=\"_blank\" rel=\"noopener\">Vignoble Halte des P\u00e8lerins<\/a><\/li>\n<li><a href=\"http:\/\/www.zoodegranby.com\/\" target=\"_blank\" rel=\"noopener\">Zoo de Granby<\/a><\/li>\n<\/ul>\n<p><\/p>","protected":false},"excerpt":{"rendered":"<p>Basilique-Cath\u00e9drale Saint-Michel Bleu Lavande Centre commercial Carrefour de l&#8217;Estrie Centre culturel et du patrimoine Uplands Soci\u00e9t\u00e9 d&#8217;histoire de Sherbrooke Centre de Ski Bromont et Parc Aquatique Centre de ski Mont Sutton Centre de ski Owl&#8217;s Head Centre du ski Parc du Mont-Bellevue Centre Marie-L\u00e9onie-Paradis Centre-ville de Sherbrooke Cin\u00e9plex Galaxy La V\u00e9loroute des Cantons \/ R\u00e9seau [&hellip;]<\/p>\n","protected":false},"author":1,"featured_media":0,"parent":0,"menu_order":0,"comment_status":"open","ping_status":"open","template":"js\/attractions-page.php","meta":{"footnotes":""},"class_list":["post-148","page","type-page","status-publish","hentry"],"_links":{"self":[{"href":"https:\/\/www.grandtimeshotel.com\/grand-times-sherbrooke\/wp-json\/wp\/v2\/pages\/148","targetHints":{"allow":["GET"]}}],"collection":[{"href":"https:\/\/www.grandtimeshotel.com\/grand-times-sherbrooke\/wp-json\/wp\/v2\/pages"}],"about":[{"href":"https:\/\/www.grandtimeshotel.com\/grand-times-sherbrooke\/wp-json\/wp\/v2\/types\/page"}],"author":[{"embeddable":true,"href":"https:\/\/www.grandtimeshotel.com\/grand-times-sherbrooke\/wp-json\/wp\/v2\/users\/1"}],"replies":[{"embeddable":true,"href":"https:\/\/www.grandtimeshotel.com\/grand-times-sherbrooke\/wp-json\/wp\/v2\/comments?post=148"}],"version-history":[{"count":13,"href":"https:\/\/www.grandtimeshotel.com\/grand-times-sherbrooke\/wp-json\/wp\/v2\/pages\/148\/revisions"}],"predecessor-version":[{"id":595,"href":"https:\/\/www.grandtimeshotel.com\/grand-times-sherbrooke\/wp-json\/wp\/v2\/pages\/148\/revisions\/595"}],"wp:attachment":[{"href":"https:\/\/www.grandtimeshotel.com\/grand-times-sherbrooke\/wp-json\/wp\/v2\/media?parent=148"}],"curies":[{"name":"wp","href":"https:\/\/api.w.org\/{rel}","templated":true}]}}