{"id":32,"date":"2014-01-21T17:36:08","date_gmt":"2014-01-21T17:36:08","guid":{"rendered":"http:\/\/grandtimeshotel.com\/sherbrooke\/?page_id=32"},"modified":"2023-12-20T16:07:16","modified_gmt":"2023-12-20T16:07:16","slug":"apartment","status":"publish","type":"page","link":"https:\/\/www.grandtimeshotel.com\/grand-times-sherbrooke\/fr\/apartment\/","title":{"rendered":"Appartement sur le lac"},"content":{"rendered":"<p><\/p>\n<h1>L\u2019Appartement sur le lac<\/h1>\n<ul>\n<li>Magnifique vue sur le Lac des nations<\/li>\n<li>Deux chambres priv\u00e9es avec lit King dans chacune<\/li>\n<li>Salon ind\u00e9pendant<\/li>\n<li>Section table pour 4 personnes<\/li>\n<li>Comptoir cuisinette, \u00e9vier, micro-ondes, cafeti\u00e8re et petit r\u00e9frig\u00e9rateur<\/li>\n<li>2 salles de bain 1 avec douche vitr\u00e9e et 1 avec bain podium adjacent au salon possible<\/li>\n<\/ul>\n<p><\/p>","protected":false},"excerpt":{"rendered":"<p>L\u2019Appartement sur le lac Magnifique vue sur le Lac des nations Deux chambres priv\u00e9es avec lit King dans chacune Salon ind\u00e9pendant Section table pour 4 personnes Comptoir cuisinette, \u00e9vier, micro-ondes, cafeti\u00e8re et petit r\u00e9frig\u00e9rateur 2 salles de bain 1 avec douche vitr\u00e9e et 1 avec bain podium adjacent au salon possible<\/p>\n","protected":false},"author":1,"featured_media":0,"parent":0,"menu_order":0,"comment_status":"open","ping_status":"open","template":"rooms-template.php","meta":{"footnotes":""},"class_list":["post-32","page","type-page","status-publish","hentry"],"_links":{"self":[{"href":"https:\/\/www.grandtimeshotel.com\/grand-times-sherbrooke\/fr\/wp-json\/wp\/v2\/pages\/32","targetHints":{"allow":["GET"]}}],"collection":[{"href":"https:\/\/www.grandtimeshotel.com\/grand-times-sherbrooke\/fr\/wp-json\/wp\/v2\/pages"}],"about":[{"href":"https:\/\/www.grandtimeshotel.com\/grand-times-sherbrooke\/fr\/wp-json\/wp\/v2\/types\/page"}],"author":[{"embeddable":true,"href":"https:\/\/www.grandtimeshotel.com\/grand-times-sherbrooke\/fr\/wp-json\/wp\/v2\/users\/1"}],"replies":[{"embeddable":true,"href":"https:\/\/www.grandtimeshotel.com\/grand-times-sherbrooke\/fr\/wp-json\/wp\/v2\/comments?post=32"}],"version-history":[{"count":10,"href":"https:\/\/www.grandtimeshotel.com\/grand-times-sherbrooke\/fr\/wp-json\/wp\/v2\/pages\/32\/revisions"}],"predecessor-version":[{"id":678,"href":"https:\/\/www.grandtimeshotel.com\/grand-times-sherbrooke\/fr\/wp-json\/wp\/v2\/pages\/32\/revisions\/678"}],"wp:attachment":[{"href":"https:\/\/www.grandtimeshotel.com\/grand-times-sherbrooke\/fr\/wp-json\/wp\/v2\/media?parent=32"}],"curies":[{"name":"wp","href":"https:\/\/api.w.org\/{rel}","templated":true}]}}