{"id":296,"date":"2014-04-28T15:43:47","date_gmt":"2014-04-28T15:43:47","guid":{"rendered":"http:\/\/dev.grandtimeshotel.com\/grand-times-sherbrooke\/?page_id=296"},"modified":"2025-02-12T18:29:37","modified_gmt":"2025-02-12T18:29:37","slug":"employment","status":"publish","type":"page","link":"https:\/\/www.grandtimeshotel.com\/grand-times-sherbrooke\/fr\/employment\/","title":{"rendered":"Emplois"},"content":{"rendered":"<p><\/p>\n<h1>Un emploi pour vous au TIMES<\/h1>\n<p>Le succ\u00e8s et la r\u00e9ussite d&rsquo;une entreprise passent avant tout par la qualit\u00e9 de ses employ\u00e9s. C&rsquo;est pourquoi les h\u00f4tels TIMES se sont donn\u00e9s le mandat de n&rsquo;accepter que des individus ambitieux, dynamiques et autonomes. Donner l\u2019image d\u2019une \u00e9quipe exceptionnelle pour notre service \u00e0 la client\u00e8le afin que le client se sente chez soi, chez nous!<\/p>\n<p>Vous aimeriez relever un d\u00e9fi \u00e0 la hauteur de vos attentes? Que ce soit pour un poste de r\u00e9ceptionniste, de coordonnateur aux ventes ou pour faire partie de l\u2019\u00e9quipe de l\u2019entretien, n&rsquo;h\u00e9sitez pas \u00e0 nous faire parvenir votre curriculum vitae d\u00e8s aujourd&rsquo;hui. Qui sait, peut-\u00eatre serez-vous la prochaine personne \u00e0 faire partie de notre \u00e9quipe car aujourd\u2019hui, les temps changent!<\/p>\n<p>Faire parvenir votre CV \u00e0 l\u2019adresse suivante : <a title=\"Postez votre CV\" href=\"mailto:directeursherbrooke@timeshotel.ca\">directeursherbrooke@timeshotel.ca<\/a><\/p>","protected":false},"excerpt":{"rendered":"<p>Un emploi pour vous au TIMES Le succ\u00e8s et la r\u00e9ussite d&rsquo;une entreprise passent avant tout par la qualit\u00e9 de ses employ\u00e9s. C&rsquo;est pourquoi les h\u00f4tels TIMES se sont donn\u00e9s le mandat de n&rsquo;accepter que des individus ambitieux, dynamiques et autonomes. Donner l\u2019image d\u2019une \u00e9quipe exceptionnelle pour notre service \u00e0 la client\u00e8le afin que le [&hellip;]<\/p>\n","protected":false},"author":1,"featured_media":0,"parent":0,"menu_order":0,"comment_status":"open","ping_status":"open","template":"guest-comments.php","meta":{"footnotes":""},"class_list":["post-296","page","type-page","status-publish","hentry"],"_links":{"self":[{"href":"https:\/\/www.grandtimeshotel.com\/grand-times-sherbrooke\/fr\/wp-json\/wp\/v2\/pages\/296","targetHints":{"allow":["GET"]}}],"collection":[{"href":"https:\/\/www.grandtimeshotel.com\/grand-times-sherbrooke\/fr\/wp-json\/wp\/v2\/pages"}],"about":[{"href":"https:\/\/www.grandtimeshotel.com\/grand-times-sherbrooke\/fr\/wp-json\/wp\/v2\/types\/page"}],"author":[{"embeddable":true,"href":"https:\/\/www.grandtimeshotel.com\/grand-times-sherbrooke\/fr\/wp-json\/wp\/v2\/users\/1"}],"replies":[{"embeddable":true,"href":"https:\/\/www.grandtimeshotel.com\/grand-times-sherbrooke\/fr\/wp-json\/wp\/v2\/comments?post=296"}],"version-history":[{"count":9,"href":"https:\/\/www.grandtimeshotel.com\/grand-times-sherbrooke\/fr\/wp-json\/wp\/v2\/pages\/296\/revisions"}],"predecessor-version":[{"id":715,"href":"https:\/\/www.grandtimeshotel.com\/grand-times-sherbrooke\/fr\/wp-json\/wp\/v2\/pages\/296\/revisions\/715"}],"wp:attachment":[{"href":"https:\/\/www.grandtimeshotel.com\/grand-times-sherbrooke\/fr\/wp-json\/wp\/v2\/media?parent=296"}],"curies":[{"name":"wp","href":"https:\/\/api.w.org\/{rel}","templated":true}]}}