{"id":269,"date":"2013-08-15T20:45:01","date_gmt":"2013-08-15T20:45:01","guid":{"rendered":"http:\/\/grandtimeshotel.com\/sherbrooke\/?page_id=2"},"modified":"2026-03-27T18:17:53","modified_gmt":"2026-03-27T18:17:53","slug":"sample-page-2","status":"publish","type":"page","link":"https:\/\/www.grandtimeshotel.com\/grand-times-sherbrooke\/fr\/","title":{"rendered":"Accueil"},"content":{"rendered":"<p><\/p>\n<h1>GRAND TIMES HOTEL<\/h1>\n<p>Lov\u00e9 sur les rives du Lac des Nations au c\u0153ur de Sherbrooke, le GRAND TIMES HOTEL vous envo\u00fbtera par son impressionnant panorama, l\u2019attirance de la vue bien cal\u00e9 dans un fauteuil de votre suite ou du r\u00e9confortant Cosy Lounge, l\u00e0 o\u00f9 l\u2019ardeur de son foyer unique vous caressera d\u00e8s votre arriv\u00e9e alors que l\u2019ambiance musicale avivera tous vos sens.<\/p>\n<p>CITQ #223137<\/p>","protected":false},"excerpt":{"rendered":"<p>GRAND TIMES HOTEL Lov\u00e9 sur les rives du Lac des Nations au c\u0153ur de Sherbrooke, le GRAND TIMES HOTEL vous envo\u00fbtera par son impressionnant panorama, l\u2019attirance de la vue bien cal\u00e9 dans un fauteuil de votre suite ou du r\u00e9confortant Cosy Lounge, l\u00e0 o\u00f9 l\u2019ardeur de son foyer unique vous caressera d\u00e8s votre arriv\u00e9e alors [&hellip;]<\/p>\n","protected":false},"author":1,"featured_media":0,"parent":0,"menu_order":0,"comment_status":"open","ping_status":"open","template":"","meta":{"footnotes":""},"class_list":["post-269","page","type-page","status-publish","hentry"],"_links":{"self":[{"href":"https:\/\/www.grandtimeshotel.com\/grand-times-sherbrooke\/fr\/wp-json\/wp\/v2\/pages\/269","targetHints":{"allow":["GET"]}}],"collection":[{"href":"https:\/\/www.grandtimeshotel.com\/grand-times-sherbrooke\/fr\/wp-json\/wp\/v2\/pages"}],"about":[{"href":"https:\/\/www.grandtimeshotel.com\/grand-times-sherbrooke\/fr\/wp-json\/wp\/v2\/types\/page"}],"author":[{"embeddable":true,"href":"https:\/\/www.grandtimeshotel.com\/grand-times-sherbrooke\/fr\/wp-json\/wp\/v2\/users\/1"}],"replies":[{"embeddable":true,"href":"https:\/\/www.grandtimeshotel.com\/grand-times-sherbrooke\/fr\/wp-json\/wp\/v2\/comments?post=269"}],"version-history":[{"count":30,"href":"https:\/\/www.grandtimeshotel.com\/grand-times-sherbrooke\/fr\/wp-json\/wp\/v2\/pages\/269\/revisions"}],"predecessor-version":[{"id":793,"href":"https:\/\/www.grandtimeshotel.com\/grand-times-sherbrooke\/fr\/wp-json\/wp\/v2\/pages\/269\/revisions\/793"}],"wp:attachment":[{"href":"https:\/\/www.grandtimeshotel.com\/grand-times-sherbrooke\/fr\/wp-json\/wp\/v2\/media?parent=269"}],"curies":[{"name":"wp","href":"https:\/\/api.w.org\/{rel}","templated":true}]}}