{"id":93,"date":"2023-10-24T11:54:08","date_gmt":"2023-10-24T11:54:08","guid":{"rendered":"https:\/\/www.grandtimeshotel.com\/grand-times-levis\/?page_id=93"},"modified":"2024-09-06T19:50:26","modified_gmt":"2024-09-06T19:50:26","slug":"amenities","status":"publish","type":"page","link":"https:\/\/www.grandtimeshotel.com\/grand-times-levis\/fr\/amenities\/","title":{"rendered":"Services"},"content":{"rendered":"<p><\/p>\n<h1>Services<\/h1>\n<p>Notre magnifique Lobby vous ravira par son style audacieux et son d\u00e9cor chaleureux \u00e0 couper le souffle ! Somptueux et tr\u00e8s tendance, l\u2019endroit r\u00eav\u00e9 pour relaxer et siroter un verre en bonne compagnie.<\/p>\n<ul>\n<li>D\u00e9jeuner continental sant\u00e9 \u00e9labor\u00e9, de style buffet <em>(certaines restrictions s&rsquo;appliquent)<\/em><\/li>\n<li>Piscine int\u00e9rieure<\/li>\n<li>Salle de conditionnement physique<\/li>\n<li>Acc\u00e8s Internet haute vitesse sans fil<\/li>\n<li>Service de bar \u00e0 la r\u00e9ception ($)<\/li>\n<li>Stationnement int\u00e9rieur et ext\u00e9rieur ($)<br \/>\n(suppl\u00e9ment $$ pour les v\u00e9hicules non standards)<\/li>\n<li>Service de Nettoyage \u00e0 sec ($)<\/li>\n<li>Bornes de recharge pour v\u00e9hicules \u00e9lectriques ($)<\/li>\n<li>Terrasse ext\u00e9rieure<\/li>\n<li>Buanderie client ($)<\/li>\n<\/ul>\n<p>VEUILLEZ NOTER QUE LES ANIMAUX DE COMPAGNIE NE SONT PAS AUTORIS\u00c9S.<\/p>","protected":false},"excerpt":{"rendered":"<p>Services Notre magnifique Lobby vous ravira par son style audacieux et son d\u00e9cor chaleureux \u00e0 couper le souffle ! Somptueux et tr\u00e8s tendance, l\u2019endroit r\u00eav\u00e9 pour relaxer et siroter un verre en bonne compagnie. D\u00e9jeuner continental sant\u00e9 \u00e9labor\u00e9, de style buffet (certaines restrictions s&rsquo;appliquent) Piscine int\u00e9rieure Salle de conditionnement physique Acc\u00e8s Internet haute vitesse sans [&hellip;]<\/p>\n","protected":false},"author":14,"featured_media":0,"parent":0,"menu_order":0,"comment_status":"closed","ping_status":"closed","template":"rooms-template.php","meta":{"footnotes":""},"class_list":["post-93","page","type-page","status-publish","hentry"],"_links":{"self":[{"href":"https:\/\/www.grandtimeshotel.com\/grand-times-levis\/fr\/wp-json\/wp\/v2\/pages\/93","targetHints":{"allow":["GET"]}}],"collection":[{"href":"https:\/\/www.grandtimeshotel.com\/grand-times-levis\/fr\/wp-json\/wp\/v2\/pages"}],"about":[{"href":"https:\/\/www.grandtimeshotel.com\/grand-times-levis\/fr\/wp-json\/wp\/v2\/types\/page"}],"author":[{"embeddable":true,"href":"https:\/\/www.grandtimeshotel.com\/grand-times-levis\/fr\/wp-json\/wp\/v2\/users\/14"}],"replies":[{"embeddable":true,"href":"https:\/\/www.grandtimeshotel.com\/grand-times-levis\/fr\/wp-json\/wp\/v2\/comments?post=93"}],"version-history":[{"count":8,"href":"https:\/\/www.grandtimeshotel.com\/grand-times-levis\/fr\/wp-json\/wp\/v2\/pages\/93\/revisions"}],"predecessor-version":[{"id":190,"href":"https:\/\/www.grandtimeshotel.com\/grand-times-levis\/fr\/wp-json\/wp\/v2\/pages\/93\/revisions\/190"}],"wp:attachment":[{"href":"https:\/\/www.grandtimeshotel.com\/grand-times-levis\/fr\/wp-json\/wp\/v2\/media?parent=93"}],"curies":[{"name":"wp","href":"https:\/\/api.w.org\/{rel}","templated":true}]}}