{"id":85,"date":"2023-10-24T11:41:24","date_gmt":"2023-10-24T11:41:24","guid":{"rendered":"https:\/\/www.grandtimeshotel.com\/grand-times-levis\/?page_id=85"},"modified":"2023-10-24T11:42:04","modified_gmt":"2023-10-24T11:42:04","slug":"prestige-suite-plus","status":"publish","type":"page","link":"https:\/\/www.grandtimeshotel.com\/grand-times-levis\/fr\/prestige-suite-plus\/","title":{"rendered":"Suite Prestige Plus"},"content":{"rendered":"<p><\/p>\n<h1>Suite Prestige Plus<\/h1>\n<p>Cette suite \u00e0 2 pi\u00e8ces moderne et spacieuse peut accommoder 4 personnes avec style!<\/p>\n<p>Elle est dot\u00e9e d\u2019une chambre s\u00e9par\u00e9e munie d\u2019un lit King et d&rsquo;un lit escamotable dans l&rsquo;espace salon.<\/p>\n<p>Incroyablement confortables, nos lits douillets et soyeux vous apporteront le bien-\u00eatre et la douceur recherch\u00e9s. Le confort in\u00e9gal\u00e9 est notre priorit\u00e9, dans un d\u00e9cor tr\u00e8s styl\u00e9.<\/p>\n<p>Votre chambre comprend: vaste espace de travail, TV HD 50 po, r\u00e9frig\u00e9rateur, micro-ondes, cafeti\u00e8re, t\u00e9l\u00e9phone, s\u00e8che-cheveux, serviettes moelleuses, fauteuil Lounge, \u00e9clairage LED \u00e9labor\u00e9, contr\u00f4le individuel climatisation chauffage, grande fenestration et plus encore !<\/p>","protected":false},"excerpt":{"rendered":"<p>Suite Prestige Plus Cette suite \u00e0 2 pi\u00e8ces moderne et spacieuse peut accommoder 4 personnes avec style! Elle est dot\u00e9e d\u2019une chambre s\u00e9par\u00e9e munie d\u2019un lit King et d&rsquo;un lit escamotable dans l&rsquo;espace salon. Incroyablement confortables, nos lits douillets et soyeux vous apporteront le bien-\u00eatre et la douceur recherch\u00e9s. Le confort in\u00e9gal\u00e9 est notre priorit\u00e9, [&hellip;]<\/p>\n","protected":false},"author":14,"featured_media":0,"parent":0,"menu_order":0,"comment_status":"closed","ping_status":"closed","template":"rooms-template.php","meta":{"footnotes":""},"class_list":["post-85","page","type-page","status-publish","hentry"],"_links":{"self":[{"href":"https:\/\/www.grandtimeshotel.com\/grand-times-levis\/fr\/wp-json\/wp\/v2\/pages\/85","targetHints":{"allow":["GET"]}}],"collection":[{"href":"https:\/\/www.grandtimeshotel.com\/grand-times-levis\/fr\/wp-json\/wp\/v2\/pages"}],"about":[{"href":"https:\/\/www.grandtimeshotel.com\/grand-times-levis\/fr\/wp-json\/wp\/v2\/types\/page"}],"author":[{"embeddable":true,"href":"https:\/\/www.grandtimeshotel.com\/grand-times-levis\/fr\/wp-json\/wp\/v2\/users\/14"}],"replies":[{"embeddable":true,"href":"https:\/\/www.grandtimeshotel.com\/grand-times-levis\/fr\/wp-json\/wp\/v2\/comments?post=85"}],"version-history":[{"count":2,"href":"https:\/\/www.grandtimeshotel.com\/grand-times-levis\/fr\/wp-json\/wp\/v2\/pages\/85\/revisions"}],"predecessor-version":[{"id":89,"href":"https:\/\/www.grandtimeshotel.com\/grand-times-levis\/fr\/wp-json\/wp\/v2\/pages\/85\/revisions\/89"}],"wp:attachment":[{"href":"https:\/\/www.grandtimeshotel.com\/grand-times-levis\/fr\/wp-json\/wp\/v2\/media?parent=85"}],"curies":[{"name":"wp","href":"https:\/\/api.w.org\/{rel}","templated":true}]}}