{"id":74,"date":"2023-10-24T11:31:33","date_gmt":"2023-10-24T11:31:33","guid":{"rendered":"https:\/\/www.grandtimeshotel.com\/grand-times-levis\/?page_id=74"},"modified":"2023-10-24T11:37:42","modified_gmt":"2023-10-24T11:37:42","slug":"prestige-suite","status":"publish","type":"page","link":"https:\/\/www.grandtimeshotel.com\/grand-times-levis\/fr\/prestige-suite\/","title":{"rendered":"Suite Prestige"},"content":{"rendered":"<p><\/p>\n<h1>Suite Prestige<\/h1>\n<p>Faites-vous plaisir avec notre prestigieuse Suite!<\/p>\n<p>Cette suite \u00e0 aires ouvertes contient un lit King et un espace salon, elle a tout pour plaire!<\/p>\n<p>Vous d\u00e9couvrirez et adorerez sa douche vitr\u00e9e 3-c\u00f4t\u00e9s!<\/p>\n<p>Votre chambre comprend: Peignoirs, vaste espace de travail, TV HD 50 po, r\u00e9frig\u00e9rateur, micro-ondes, cafeti\u00e8re, t\u00e9l\u00e9phone, s\u00e8che-cheveux, serviettes moelleuses, fauteuil Lounge, \u00e9clairage LED \u00e9labor\u00e9, contr\u00f4le individuel climatisation chauffage, grande fenestration et plus encore !<\/p>","protected":false},"excerpt":{"rendered":"<p>Suite Prestige Faites-vous plaisir avec notre prestigieuse Suite! Cette suite \u00e0 aires ouvertes contient un lit King et un espace salon, elle a tout pour plaire! Vous d\u00e9couvrirez et adorerez sa douche vitr\u00e9e 3-c\u00f4t\u00e9s! Votre chambre comprend: Peignoirs, vaste espace de travail, TV HD 50 po, r\u00e9frig\u00e9rateur, micro-ondes, cafeti\u00e8re, t\u00e9l\u00e9phone, s\u00e8che-cheveux, serviettes moelleuses, fauteuil Lounge, [&hellip;]<\/p>\n","protected":false},"author":14,"featured_media":0,"parent":0,"menu_order":0,"comment_status":"closed","ping_status":"closed","template":"rooms-template.php","meta":{"footnotes":""},"class_list":["post-74","page","type-page","status-publish","hentry"],"_links":{"self":[{"href":"https:\/\/www.grandtimeshotel.com\/grand-times-levis\/fr\/wp-json\/wp\/v2\/pages\/74","targetHints":{"allow":["GET"]}}],"collection":[{"href":"https:\/\/www.grandtimeshotel.com\/grand-times-levis\/fr\/wp-json\/wp\/v2\/pages"}],"about":[{"href":"https:\/\/www.grandtimeshotel.com\/grand-times-levis\/fr\/wp-json\/wp\/v2\/types\/page"}],"author":[{"embeddable":true,"href":"https:\/\/www.grandtimeshotel.com\/grand-times-levis\/fr\/wp-json\/wp\/v2\/users\/14"}],"replies":[{"embeddable":true,"href":"https:\/\/www.grandtimeshotel.com\/grand-times-levis\/fr\/wp-json\/wp\/v2\/comments?post=74"}],"version-history":[{"count":3,"href":"https:\/\/www.grandtimeshotel.com\/grand-times-levis\/fr\/wp-json\/wp\/v2\/pages\/74\/revisions"}],"predecessor-version":[{"id":84,"href":"https:\/\/www.grandtimeshotel.com\/grand-times-levis\/fr\/wp-json\/wp\/v2\/pages\/74\/revisions\/84"}],"wp:attachment":[{"href":"https:\/\/www.grandtimeshotel.com\/grand-times-levis\/fr\/wp-json\/wp\/v2\/media?parent=74"}],"curies":[{"name":"wp","href":"https:\/\/api.w.org\/{rel}","templated":true}]}}