{"id":66,"date":"2023-10-24T11:22:59","date_gmt":"2023-10-24T11:22:59","guid":{"rendered":"https:\/\/www.grandtimeshotel.com\/grand-times-levis\/?page_id=66"},"modified":"2023-10-24T11:38:09","modified_gmt":"2023-10-24T11:38:09","slug":"grand-comfort-vertigo","status":"publish","type":"page","link":"https:\/\/www.grandtimeshotel.com\/grand-times-levis\/fr\/grand-comfort-vertigo\/","title":{"rendered":"Grand Confort Vertige"},"content":{"rendered":"<p><\/p>\n<h1>Grand Confort Vertige<\/h1>\n<p>Exclusive, cette chambre de coin spacieuse vous offre une double fenestration! Une vue prenante et une luminosit\u00e9 exceptionnelle sont au rendez-vous! Incroyablement confortables, nos lits douillets et soyeux vous apporteront le bien-\u00eatre et la douceur recherch\u00e9s.<\/p>\n<p>Vous d\u00e9couvrirez et adorerez sa douche vitr\u00e9e 3-c\u00f4t\u00e9s!<\/p>\n<p>Votre chambre comprend: Vaste espace de travail, TV HD 50 po, r\u00e9frig\u00e9rateur, cafeti\u00e8re, t\u00e9l\u00e9phone, s\u00e8che-cheveux, serviettes moelleuses, fauteuil Lounge, \u00e9clairage LED \u00e9labor\u00e9, contr\u00f4le individuel climatisation chauffage, grande fenestration et plus encore !<\/p>\n<p>Disponibles en deux configurations :<\/p>\n<p>&#8211; Un lit King<\/p>\n<p>&#8211; Un lit King &amp; un lit escamotable<\/p>\n<p>Certaines chambres sont dot\u00e9es de tapis hypo allerg\u00e8ne, d\u2019autres de plancher vinyle de qualit\u00e9 sup\u00e9rieure, n\u2019h\u00e9sitez pas \u00e0 nous faire part de vos pr\u00e9f\u00e9rences !<\/p>","protected":false},"excerpt":{"rendered":"<p>Grand Confort Vertige Exclusive, cette chambre de coin spacieuse vous offre une double fenestration! Une vue prenante et une luminosit\u00e9 exceptionnelle sont au rendez-vous! Incroyablement confortables, nos lits douillets et soyeux vous apporteront le bien-\u00eatre et la douceur recherch\u00e9s. Vous d\u00e9couvrirez et adorerez sa douche vitr\u00e9e 3-c\u00f4t\u00e9s! Votre chambre comprend: Vaste espace de travail, TV [&hellip;]<\/p>\n","protected":false},"author":14,"featured_media":0,"parent":0,"menu_order":0,"comment_status":"closed","ping_status":"closed","template":"rooms-template.php","meta":{"footnotes":""},"class_list":["post-66","page","type-page","status-publish","hentry"],"_links":{"self":[{"href":"https:\/\/www.grandtimeshotel.com\/grand-times-levis\/fr\/wp-json\/wp\/v2\/pages\/66","targetHints":{"allow":["GET"]}}],"collection":[{"href":"https:\/\/www.grandtimeshotel.com\/grand-times-levis\/fr\/wp-json\/wp\/v2\/pages"}],"about":[{"href":"https:\/\/www.grandtimeshotel.com\/grand-times-levis\/fr\/wp-json\/wp\/v2\/types\/page"}],"author":[{"embeddable":true,"href":"https:\/\/www.grandtimeshotel.com\/grand-times-levis\/fr\/wp-json\/wp\/v2\/users\/14"}],"replies":[{"embeddable":true,"href":"https:\/\/www.grandtimeshotel.com\/grand-times-levis\/fr\/wp-json\/wp\/v2\/comments?post=66"}],"version-history":[{"count":2,"href":"https:\/\/www.grandtimeshotel.com\/grand-times-levis\/fr\/wp-json\/wp\/v2\/pages\/66\/revisions"}],"predecessor-version":[{"id":72,"href":"https:\/\/www.grandtimeshotel.com\/grand-times-levis\/fr\/wp-json\/wp\/v2\/pages\/66\/revisions\/72"}],"wp:attachment":[{"href":"https:\/\/www.grandtimeshotel.com\/grand-times-levis\/fr\/wp-json\/wp\/v2\/media?parent=66"}],"curies":[{"name":"wp","href":"https:\/\/api.w.org\/{rel}","templated":true}]}}