{"id":57,"date":"2023-10-24T11:11:45","date_gmt":"2023-10-24T11:11:45","guid":{"rendered":"https:\/\/www.grandtimeshotel.com\/grand-times-levis\/?page_id=57"},"modified":"2023-10-24T11:46:06","modified_gmt":"2023-10-24T11:46:06","slug":"grand-comfort","status":"publish","type":"page","link":"https:\/\/www.grandtimeshotel.com\/grand-times-levis\/fr\/grand-comfort\/","title":{"rendered":"Grand Confort"},"content":{"rendered":"<p><\/p>\n<h1>Grand Confort<\/h1>\n<p>Une magnifique chambre spacieuse et d\u00e9contract\u00e9e pour r\u00e9pondre \u00e0 votre style unique. Incroyablement confortables, nos lits douillets et soyeux vous apporteront le bien-\u00eatre et la douceur recherch\u00e9s.<\/p>\n<p>Votre chambre comprend: Vaste espace de travail, TV HD 50 po, r\u00e9frig\u00e9rateur, cafeti\u00e8re, t\u00e9l\u00e9phone, s\u00e8che-cheveux, serviettes moelleuses, fauteuil Lounge, \u00e9clairage LED \u00e9labor\u00e9, contr\u00f4le individuel climatisation chauffage, grande fenestration et plus encore !<\/p>\n<p>Plusieurs configurations sont disponibles :<\/p>\n<p>&#8211; Un lit King<\/p>\n<p>&#8211; Deux lits Queen<\/p>\n<p>&#8211; Un lit King &amp; un lit escamotable<\/p>\n<p>Certaines chambres sont dot\u00e9es de tapis hypo allerg\u00e8ne, d\u2019autres de plancher vinyle de qualit\u00e9 sup\u00e9rieure, n\u2019h\u00e9sitez pas \u00e0 nous faire part de vos pr\u00e9f\u00e9rences !<\/p>","protected":false},"excerpt":{"rendered":"<p>Grand Confort Une magnifique chambre spacieuse et d\u00e9contract\u00e9e pour r\u00e9pondre \u00e0 votre style unique. Incroyablement confortables, nos lits douillets et soyeux vous apporteront le bien-\u00eatre et la douceur recherch\u00e9s. Votre chambre comprend: Vaste espace de travail, TV HD 50 po, r\u00e9frig\u00e9rateur, cafeti\u00e8re, t\u00e9l\u00e9phone, s\u00e8che-cheveux, serviettes moelleuses, fauteuil Lounge, \u00e9clairage LED \u00e9labor\u00e9, contr\u00f4le individuel climatisation chauffage, [&hellip;]<\/p>\n","protected":false},"author":14,"featured_media":0,"parent":0,"menu_order":0,"comment_status":"closed","ping_status":"closed","template":"rooms-template.php","meta":{"footnotes":""},"class_list":["post-57","page","type-page","status-publish","hentry"],"_links":{"self":[{"href":"https:\/\/www.grandtimeshotel.com\/grand-times-levis\/fr\/wp-json\/wp\/v2\/pages\/57","targetHints":{"allow":["GET"]}}],"collection":[{"href":"https:\/\/www.grandtimeshotel.com\/grand-times-levis\/fr\/wp-json\/wp\/v2\/pages"}],"about":[{"href":"https:\/\/www.grandtimeshotel.com\/grand-times-levis\/fr\/wp-json\/wp\/v2\/types\/page"}],"author":[{"embeddable":true,"href":"https:\/\/www.grandtimeshotel.com\/grand-times-levis\/fr\/wp-json\/wp\/v2\/users\/14"}],"replies":[{"embeddable":true,"href":"https:\/\/www.grandtimeshotel.com\/grand-times-levis\/fr\/wp-json\/wp\/v2\/comments?post=57"}],"version-history":[{"count":5,"href":"https:\/\/www.grandtimeshotel.com\/grand-times-levis\/fr\/wp-json\/wp\/v2\/pages\/57\/revisions"}],"predecessor-version":[{"id":92,"href":"https:\/\/www.grandtimeshotel.com\/grand-times-levis\/fr\/wp-json\/wp\/v2\/pages\/57\/revisions\/92"}],"wp:attachment":[{"href":"https:\/\/www.grandtimeshotel.com\/grand-times-levis\/fr\/wp-json\/wp\/v2\/media?parent=57"}],"curies":[{"name":"wp","href":"https:\/\/api.w.org\/{rel}","templated":true}]}}