{"id":22,"date":"2023-10-23T21:01:53","date_gmt":"2023-10-23T21:01:53","guid":{"rendered":"https:\/\/www.grandtimeshotel.com\/grand-times-levis\/?page_id=22"},"modified":"2024-09-09T14:19:53","modified_gmt":"2024-09-09T14:19:53","slug":"contact","status":"publish","type":"page","link":"https:\/\/www.grandtimeshotel.com\/grand-times-levis\/fr\/contact\/","title":{"rendered":"Contactez-nous"},"content":{"rendered":"<p><strong>Pour effectuer une r\u00e9servation:<\/strong><\/p>\n<p>418-833-3333<br \/>\n<a href=\"mailto:reservationlevis@timeshotel.ca\">reservationlevis@timeshotel.ca<\/a><\/p>\n<p>&nbsp;<\/p>\n<p><strong>Adjoint ventes &amp; op\u00e9rations:<\/strong><\/p>\n<p>Charles-Olivier Chouinard<\/p>\n<p><a href=\"mailto:operationlevis@timeshotel.ca\">operationlevis@timeshotel.ca<\/a><\/p>\n<p>&nbsp;<\/p>\n<p><strong>Directeur G\u00e9n\u00e9ral:<\/strong><\/p>\n<p>Marc-Andr\u00e9 Mouton<\/p>\n<p><a href=\"mailto:directeurlevis@timeshotel.ca\">directeurlevis<\/a><a href=\"mailto:directeurlevis@timeshotel.ca\">@timeshotel.ca<\/a><\/p>","protected":false},"excerpt":{"rendered":"<p>Pour effectuer une r\u00e9servation: 418-833-3333 reservationlevis@timeshotel.ca &nbsp; Adjoint ventes &amp; op\u00e9rations: Charles-Olivier Chouinard operationlevis@timeshotel.ca &nbsp; Directeur G\u00e9n\u00e9ral: Marc-Andr\u00e9 Mouton directeurlevis@timeshotel.ca<\/p>\n","protected":false},"author":14,"featured_media":0,"parent":0,"menu_order":0,"comment_status":"closed","ping_status":"closed","template":"contact-template.php","meta":{"footnotes":""},"class_list":["post-22","page","type-page","status-publish","hentry"],"_links":{"self":[{"href":"https:\/\/www.grandtimeshotel.com\/grand-times-levis\/fr\/wp-json\/wp\/v2\/pages\/22","targetHints":{"allow":["GET"]}}],"collection":[{"href":"https:\/\/www.grandtimeshotel.com\/grand-times-levis\/fr\/wp-json\/wp\/v2\/pages"}],"about":[{"href":"https:\/\/www.grandtimeshotel.com\/grand-times-levis\/fr\/wp-json\/wp\/v2\/types\/page"}],"author":[{"embeddable":true,"href":"https:\/\/www.grandtimeshotel.com\/grand-times-levis\/fr\/wp-json\/wp\/v2\/users\/14"}],"replies":[{"embeddable":true,"href":"https:\/\/www.grandtimeshotel.com\/grand-times-levis\/fr\/wp-json\/wp\/v2\/comments?post=22"}],"version-history":[{"count":16,"href":"https:\/\/www.grandtimeshotel.com\/grand-times-levis\/fr\/wp-json\/wp\/v2\/pages\/22\/revisions"}],"predecessor-version":[{"id":195,"href":"https:\/\/www.grandtimeshotel.com\/grand-times-levis\/fr\/wp-json\/wp\/v2\/pages\/22\/revisions\/195"}],"wp:attachment":[{"href":"https:\/\/www.grandtimeshotel.com\/grand-times-levis\/fr\/wp-json\/wp\/v2\/media?parent=22"}],"curies":[{"name":"wp","href":"https:\/\/api.w.org\/{rel}","templated":true}]}}