{"id":101,"date":"2023-10-24T12:00:55","date_gmt":"2023-10-24T12:00:55","guid":{"rendered":"https:\/\/www.grandtimeshotel.com\/grand-times-levis\/?page_id=101"},"modified":"2023-11-28T13:07:07","modified_gmt":"2023-11-28T13:07:07","slug":"meeting-rooms","status":"publish","type":"page","link":"https:\/\/www.grandtimeshotel.com\/grand-times-levis\/fr\/meeting-rooms\/","title":{"rendered":"Salles de R\u00e9union"},"content":{"rendered":"<p><\/p>\n<h1>Salles de R\u00e9union<\/h1>\n<p>4 Salles de r\u00e9unions sont disponibles pour vous accueillir, toutes situ\u00e9es au rez-de-chauss\u00e9e<\/p>\n<p>&#8211; Soho<\/p>\n<p>&#8211; Washington<\/p>\n<p>&#8211; Central Park<\/p>\n<p>&#8211; Rockfeller<\/p>\n<p>Pour plus d\u2019informations, veuillez contacter\u00a0 <a href=\"mailto:directeurlevis@timeshotel.ca\">directeurlevis@timeshotel.ca<\/a>.<\/p>","protected":false},"excerpt":{"rendered":"<p>Salles de R\u00e9union 4 Salles de r\u00e9unions sont disponibles pour vous accueillir, toutes situ\u00e9es au rez-de-chauss\u00e9e &#8211; Soho &#8211; Washington &#8211; Central Park &#8211; Rockfeller Pour plus d\u2019informations, veuillez contacter\u00a0 directeurlevis@timeshotel.ca.<\/p>\n","protected":false},"author":14,"featured_media":0,"parent":0,"menu_order":0,"comment_status":"closed","ping_status":"closed","template":"rooms-template.php","meta":{"footnotes":""},"class_list":["post-101","page","type-page","status-publish","hentry"],"_links":{"self":[{"href":"https:\/\/www.grandtimeshotel.com\/grand-times-levis\/fr\/wp-json\/wp\/v2\/pages\/101","targetHints":{"allow":["GET"]}}],"collection":[{"href":"https:\/\/www.grandtimeshotel.com\/grand-times-levis\/fr\/wp-json\/wp\/v2\/pages"}],"about":[{"href":"https:\/\/www.grandtimeshotel.com\/grand-times-levis\/fr\/wp-json\/wp\/v2\/types\/page"}],"author":[{"embeddable":true,"href":"https:\/\/www.grandtimeshotel.com\/grand-times-levis\/fr\/wp-json\/wp\/v2\/users\/14"}],"replies":[{"embeddable":true,"href":"https:\/\/www.grandtimeshotel.com\/grand-times-levis\/fr\/wp-json\/wp\/v2\/comments?post=101"}],"version-history":[{"count":4,"href":"https:\/\/www.grandtimeshotel.com\/grand-times-levis\/fr\/wp-json\/wp\/v2\/pages\/101\/revisions"}],"predecessor-version":[{"id":142,"href":"https:\/\/www.grandtimeshotel.com\/grand-times-levis\/fr\/wp-json\/wp\/v2\/pages\/101\/revisions\/142"}],"wp:attachment":[{"href":"https:\/\/www.grandtimeshotel.com\/grand-times-levis\/fr\/wp-json\/wp\/v2\/media?parent=101"}],"curies":[{"name":"wp","href":"https:\/\/api.w.org\/{rel}","templated":true}]}}