{"id":911,"date":"2022-01-11T17:00:48","date_gmt":"2022-01-11T17:00:48","guid":{"rendered":"https:\/\/www.grandtimeshotel.com\/grand-times-laval\/?page_id=911"},"modified":"2023-12-06T17:36:26","modified_gmt":"2023-12-06T17:36:26","slug":"packages-catering-a-v-etc","status":"publish","type":"page","link":"https:\/\/www.grandtimeshotel.com\/grand-times-laval\/fr\/packages-catering-a-v-etc\/","title":{"rendered":"Menus"},"content":{"rendered":"<p>Vous trouverez ici toutes les informations sur nos salles de r\u00e9union et nos services !<\/p>\n<p>Pour plus d&rsquo;informations, veuillez contacter Sandrine Doiron au 450-639-5000 ou <a href=\"mailto:coordinationlaval@timeshotel.ca\">coordinationlaval@timeshotel.ca<\/a>.<\/p>\n<p><a style=\"color: #ffff00\" href=\"http:\/\/www.grandtimeshotel.com\/grand-times-laval\/wp-content\/uploads\/sites\/8\/2022\/01\/PAGE-3-LAVAL-Reunion-2022.pdf\">Plan d&rsquo;\u00e9tage<\/a><\/p>\n<p><span style=\"color: #ffff00\"><a style=\"color: #ffff00\" href=\"http:\/\/www.grandtimeshotel.com\/grand-times-laval\/wp-content\/uploads\/sites\/8\/2022\/01\/PAGE-4-LAVAL-Reunion-2022.pdf\">Capacit\u00e9 et dimensions des salles<\/a><\/span><\/p>\n<p><a href=\"https:\/\/www.grandtimeshotel.com\/grand-times-laval\/wp-content\/uploads\/sites\/8\/2023\/08\/Pause-cafe-T5-2023-Francais-et-Anglais.pdf\">Pause-caf\u00e9<\/a><\/p>\n<p>&nbsp;<\/p>","protected":false},"excerpt":{"rendered":"<p>Vous trouverez ici toutes les informations sur nos salles de r\u00e9union et nos services ! Pour plus d&rsquo;informations, veuillez contacter Sandrine Doiron au 450-639-5000 ou coordinationlaval@timeshotel.ca. Plan d&rsquo;\u00e9tage Capacit\u00e9 et dimensions des salles Pause-caf\u00e9 &nbsp;<\/p>\n","protected":false},"author":5,"featured_media":0,"parent":0,"menu_order":0,"comment_status":"closed","ping_status":"closed","template":"conf-rooms-template.php","meta":{"footnotes":""},"class_list":["post-911","page","type-page","status-publish","hentry"],"_links":{"self":[{"href":"https:\/\/www.grandtimeshotel.com\/grand-times-laval\/fr\/wp-json\/wp\/v2\/pages\/911","targetHints":{"allow":["GET"]}}],"collection":[{"href":"https:\/\/www.grandtimeshotel.com\/grand-times-laval\/fr\/wp-json\/wp\/v2\/pages"}],"about":[{"href":"https:\/\/www.grandtimeshotel.com\/grand-times-laval\/fr\/wp-json\/wp\/v2\/types\/page"}],"author":[{"embeddable":true,"href":"https:\/\/www.grandtimeshotel.com\/grand-times-laval\/fr\/wp-json\/wp\/v2\/users\/5"}],"replies":[{"embeddable":true,"href":"https:\/\/www.grandtimeshotel.com\/grand-times-laval\/fr\/wp-json\/wp\/v2\/comments?post=911"}],"version-history":[{"count":42,"href":"https:\/\/www.grandtimeshotel.com\/grand-times-laval\/fr\/wp-json\/wp\/v2\/pages\/911\/revisions"}],"predecessor-version":[{"id":1236,"href":"https:\/\/www.grandtimeshotel.com\/grand-times-laval\/fr\/wp-json\/wp\/v2\/pages\/911\/revisions\/1236"}],"wp:attachment":[{"href":"https:\/\/www.grandtimeshotel.com\/grand-times-laval\/fr\/wp-json\/wp\/v2\/media?parent=911"}],"curies":[{"name":"wp","href":"https:\/\/api.w.org\/{rel}","templated":true}]}}