{"id":48,"date":"2016-02-22T21:03:25","date_gmt":"2016-02-22T21:03:25","guid":{"rendered":"http:\/\/www.grandtimeshotel.com\/grand-times-drummondville\/?page_id=48"},"modified":"2023-10-16T16:26:57","modified_gmt":"2023-10-16T16:26:57","slug":"grand-comfort-king","status":"publish","type":"page","link":"https:\/\/www.grandtimeshotel.com\/grand-times-laval\/fr\/grand-comfort-king\/","title":{"rendered":"Chambre Vertige"},"content":{"rendered":"<p><\/p>\n<h1>Chambre Vertige<\/h1>\n<p>Tr\u00e8s exclusive, cette chambre de coin spacieuse vous offre une fenestration du plancher au plafond, sur 2 c\u00f4t\u00e9s! Une vue prenante et une luminosit\u00e9 exceptionnelle sont au rendez-vous! Incroyablement confortables, nos lits douillets et soyeux vous apporteront le bien-\u00eatre et la douceur recherch\u00e9s. Pour affaire, en solo, en duo ou en famille, le confort in\u00e9gal\u00e9 est notre priorit\u00e9, dans un d\u00e9cor tr\u00e8s styl\u00e9.<\/p>\n<p>Votre chambre comprend: TV HD 50 ou 55 po, avec liste de programmation Premium, r\u00e9frig\u00e9rateur, t\u00e9l\u00e9phone, s\u00e8che-cheveux, serviettes moelleuses, fauteuil Lounge, \u00e9clairage LED \u00e9labor\u00e9, contr\u00f4le individuel climatisation chauffage, fen\u00eatres du plancher au plafond, cafeti\u00e8re, etc&#8230;.<\/p>\n<p>Certaines chambres sont dot\u00e9es de tapis hypoallerg\u00e8ne, d&rsquo;autres de plancher vinyle de qualit\u00e9 sup\u00e9rieure.<\/p>\n<p>Plusieurs configurations sont disponibles<\/p>\n<ul>\n<li>Un lit King &amp; un lit escamotable Queen, douche vitr\u00e9e <span style=\"color: #ffff00\"><a style=\"color: #ffff00\" href=\"http:\/\/www.grandtimeshotel.com\/grand-times-laval\/wp-content\/uploads\/sites\/8\/2022\/01\/VKM.pdf\">Cliquez ici pour voir le plan<\/a><\/span><\/li>\n<li>Deux lits Queen, douche vitr\u00e9e <span style=\"color: #ffff00\"><a style=\"color: #ffff00\" href=\"http:\/\/www.grandtimeshotel.com\/grand-times-laval\/wp-content\/uploads\/sites\/8\/2022\/01\/VQQ.pdf\">Cliquez ici pour voir le plan<\/a><\/span><\/li>\n<li>Un lit King avec section Salon, douche vitr\u00e9e <span style=\"color: #ffff00\"><a style=\"color: #ffff00\" href=\"http:\/\/www.grandtimeshotel.com\/grand-times-laval\/wp-content\/uploads\/sites\/8\/2022\/01\/VK10.pdf\">Cliquez ici pour voir le plan<\/a><\/span><\/li>\n<\/ul>\n<p><\/p>","protected":false},"excerpt":{"rendered":"<p>Chambre Vertige Tr\u00e8s exclusive, cette chambre de coin spacieuse vous offre une fenestration du plancher au plafond, sur 2 c\u00f4t\u00e9s! Une vue prenante et une luminosit\u00e9 exceptionnelle sont au rendez-vous! Incroyablement confortables, nos lits douillets et soyeux vous apporteront le bien-\u00eatre et la douceur recherch\u00e9s. Pour affaire, en solo, en duo ou en famille, le [&hellip;]<\/p>\n","protected":false},"author":1,"featured_media":0,"parent":0,"menu_order":0,"comment_status":"closed","ping_status":"closed","template":"rooms-template.php","meta":{"footnotes":""},"class_list":["post-48","page","type-page","status-publish","hentry"],"_links":{"self":[{"href":"https:\/\/www.grandtimeshotel.com\/grand-times-laval\/fr\/wp-json\/wp\/v2\/pages\/48","targetHints":{"allow":["GET"]}}],"collection":[{"href":"https:\/\/www.grandtimeshotel.com\/grand-times-laval\/fr\/wp-json\/wp\/v2\/pages"}],"about":[{"href":"https:\/\/www.grandtimeshotel.com\/grand-times-laval\/fr\/wp-json\/wp\/v2\/types\/page"}],"author":[{"embeddable":true,"href":"https:\/\/www.grandtimeshotel.com\/grand-times-laval\/fr\/wp-json\/wp\/v2\/users\/1"}],"replies":[{"embeddable":true,"href":"https:\/\/www.grandtimeshotel.com\/grand-times-laval\/fr\/wp-json\/wp\/v2\/comments?post=48"}],"version-history":[{"count":31,"href":"https:\/\/www.grandtimeshotel.com\/grand-times-laval\/fr\/wp-json\/wp\/v2\/pages\/48\/revisions"}],"predecessor-version":[{"id":1222,"href":"https:\/\/www.grandtimeshotel.com\/grand-times-laval\/fr\/wp-json\/wp\/v2\/pages\/48\/revisions\/1222"}],"wp:attachment":[{"href":"https:\/\/www.grandtimeshotel.com\/grand-times-laval\/fr\/wp-json\/wp\/v2\/media?parent=48"}],"curies":[{"name":"wp","href":"https:\/\/api.w.org\/{rel}","templated":true}]}}