{"id":35,"date":"2016-02-22T17:33:48","date_gmt":"2016-02-22T17:33:48","guid":{"rendered":"http:\/\/www.grandtimeshotel.com\/grand-times-drummondville\/?page_id=35"},"modified":"2023-10-16T16:24:07","modified_gmt":"2023-10-16T16:24:07","slug":"grand-confort","status":"publish","type":"page","link":"https:\/\/www.grandtimeshotel.com\/grand-times-laval\/fr\/grand-confort\/","title":{"rendered":"Grand Confort"},"content":{"rendered":"<p><\/p>\n<h1>Grand Confort<\/h1>\n<p>Une magnifique chambre spacieuse et d\u00e9contract\u00e9e pour r\u00e9pondre \u00e0 votre style unique. Incroyablement confortables, nos lits douillets et soyeux vous apporteront le bien-\u00eatre et la douceur recherch\u00e9s. Pour affaire, en solo, en duo ou en famille, le confort in\u00e9gal\u00e9 est notre priorit\u00e9, dans un d\u00e9cor tr\u00e8s styl\u00e9.<\/p>\n<p>Votre chambre comprend: TV HD 50 ou 55 po, avec liste de programmation Premium, r\u00e9frig\u00e9rateur, t\u00e9l\u00e9phone, s\u00e8che-cheveux, serviettes moelleuses, fauteuil Lounge, \u00e9clairage LED \u00e9labor\u00e9, contr\u00f4le individuel climatisation chauffage, fen\u00eatres du plancher au plafond, cafeti\u00e8re,\u00a0 etc&#8230;.<\/p>\n<p>Certaines chambres sont dot\u00e9es de tapis hypoallerg\u00e8ne, d&rsquo;autres de plancher vinyle de qualit\u00e9 sup\u00e9rieure.<\/p>\n<p>Plusieurs configurations sont disponibles<\/p>\n<ul>\n<li>Un lit King &amp; un lit escamotable Queen, douche vitr\u00e9e <span style=\"color: #ffff00\"><a style=\"color: #ffff00\" href=\"http:\/\/www.grandtimeshotel.com\/grand-times-laval\/wp-content\/uploads\/sites\/8\/2022\/01\/KM.pdf\">Cliquez ici pour le plan<\/a><\/span><\/li>\n<li>Un lit King &amp; un lit escamotable Queen, chambres communicantes, douche vitr\u00e9e <span style=\"color: #ffff00\"><a style=\"color: #ffff00\" href=\"http:\/\/www.grandtimeshotel.com\/grand-times-laval\/wp-content\/uploads\/sites\/8\/2022\/01\/Chambres-communicantes-avec-un-lit-king-et-un-lit-double-escamotable.pdf\">Cliquez ici pour le plan<\/a><\/span><\/li>\n<li>Deux lits Queen, douche vitr\u00e9e <span style=\"color: #ffff00\"><a style=\"color: #ffff00\" href=\"http:\/\/www.grandtimeshotel.com\/grand-times-laval\/wp-content\/uploads\/sites\/8\/2022\/01\/QQ.pdf\">Cliquez ici pour le plan<\/a><\/span><\/li>\n<li>Deux lits Queen, chambres communicantes, douche vitr\u00e9e <a href=\"http:\/\/www.grandtimeshotel.com\/grand-times-laval\/wp-content\/uploads\/sites\/8\/2022\/01\/Chambre-communicante-avec-deux-lits-queen.pdf\"><span style=\"color: #ffff00\">Cliquez ici pour le plan<\/span><\/a><\/li>\n<li>Adapt\u00e9e avec un lit King &amp; un lit escamotable Queen, bain-douche (plancher de vinyle) <span style=\"color: #ffff00\"><a style=\"color: #ffff00\" href=\"http:\/\/www.grandtimeshotel.com\/grand-times-laval\/wp-content\/uploads\/sites\/8\/2022\/01\/KMA-910.pdf\">Cliquez ici pour le plan Adapt\u00e9e 1<\/a> <a style=\"color: #ffff00\" href=\"http:\/\/www.grandtimeshotel.com\/grand-times-laval\/wp-content\/uploads\/sites\/8\/2022\/01\/KMA-908.pdf\">Cliquez ici pour le plan Adapt\u00e9e 2\u00a0<\/a><\/span><\/li>\n<li>Adapt\u00e9e avec deux lits Queen, bain-douche (plancher de vinyle) <a href=\"http:\/\/www.grandtimeshotel.com\/grand-times-laval\/wp-content\/uploads\/sites\/8\/2022\/01\/QQA-608.pdf\"><span style=\"color: #ffff00\">Cliquez ici pour le plan Adapt\u00e9e 1\u00a0<\/span><\/a> <span style=\"color: #ffff00\"><a style=\"color: #ffff00\" href=\"http:\/\/www.grandtimeshotel.com\/grand-times-laval\/wp-content\/uploads\/sites\/8\/2022\/01\/QQA-610.pdf\">Cliquez ici pour le plan Adapt\u00e9e 2\u00a0\u00a0<\/a><\/span><\/li>\n<li>Un lit King avec section Salon, douche vitr\u00e9e <span style=\"color: #ffff00\"><a style=\"color: #ffff00\" href=\"http:\/\/www.grandtimeshotel.com\/grand-times-laval\/wp-content\/uploads\/sites\/8\/2022\/01\/K10.pdf\">Cliquez ici pour le plan<\/a><\/span><\/li>\n<\/ul>\n<p>&nbsp;<\/p>","protected":false},"excerpt":{"rendered":"<p>Grand Confort Une magnifique chambre spacieuse et d\u00e9contract\u00e9e pour r\u00e9pondre \u00e0 votre style unique. Incroyablement confortables, nos lits douillets et soyeux vous apporteront le bien-\u00eatre et la douceur recherch\u00e9s. Pour affaire, en solo, en duo ou en famille, le confort in\u00e9gal\u00e9 est notre priorit\u00e9, dans un d\u00e9cor tr\u00e8s styl\u00e9. Votre chambre comprend: TV HD 50 [&hellip;]<\/p>\n","protected":false},"author":1,"featured_media":0,"parent":0,"menu_order":0,"comment_status":"closed","ping_status":"closed","template":"rooms-template.php","meta":{"footnotes":""},"class_list":["post-35","page","type-page","status-publish","hentry"],"_links":{"self":[{"href":"https:\/\/www.grandtimeshotel.com\/grand-times-laval\/fr\/wp-json\/wp\/v2\/pages\/35","targetHints":{"allow":["GET"]}}],"collection":[{"href":"https:\/\/www.grandtimeshotel.com\/grand-times-laval\/fr\/wp-json\/wp\/v2\/pages"}],"about":[{"href":"https:\/\/www.grandtimeshotel.com\/grand-times-laval\/fr\/wp-json\/wp\/v2\/types\/page"}],"author":[{"embeddable":true,"href":"https:\/\/www.grandtimeshotel.com\/grand-times-laval\/fr\/wp-json\/wp\/v2\/users\/1"}],"replies":[{"embeddable":true,"href":"https:\/\/www.grandtimeshotel.com\/grand-times-laval\/fr\/wp-json\/wp\/v2\/comments?post=35"}],"version-history":[{"count":38,"href":"https:\/\/www.grandtimeshotel.com\/grand-times-laval\/fr\/wp-json\/wp\/v2\/pages\/35\/revisions"}],"predecessor-version":[{"id":1216,"href":"https:\/\/www.grandtimeshotel.com\/grand-times-laval\/fr\/wp-json\/wp\/v2\/pages\/35\/revisions\/1216"}],"wp:attachment":[{"href":"https:\/\/www.grandtimeshotel.com\/grand-times-laval\/fr\/wp-json\/wp\/v2\/media?parent=35"}],"curies":[{"name":"wp","href":"https:\/\/api.w.org\/{rel}","templated":true}]}}