{"id":7,"date":"2013-04-09T17:12:05","date_gmt":"2013-04-09T17:12:05","guid":{"rendered":"http:\/\/asmallchichotel.com\/timesgaleries\/?page_id=2"},"modified":"2025-03-06T18:55:32","modified_gmt":"2025-03-06T18:55:32","slug":"sample-page-2","status":"publish","type":"page","link":"https:\/\/www.grandtimeshotel.com\/grand-times-galeries\/fr\/","title":{"rendered":"Accueil"},"content":{"rendered":"<p><\/p>\n<h1>\u00c9L\u00c9GANCE \u2013 CHIC &#8211; URBAIN\u2026<\/h1>\n<p>Notre h\u00f4tel Boutique vous offre une exp\u00e9rience sensorielle unique, un d\u00e9cor sensationnel dans une ambiance branch\u00e9e. En plein quartier des affaires \u00e0 quelques minutes des principales attractions et c\u00e9l\u00e9brations de la ville de Qu\u00e9bec, d\u00e9couvrez un h\u00f4tel de style Newyorkais o\u00f9 b\u00e9ton rime avec \u00e9l\u00e9gance et distinction. Un style de vie haut en design signe d\u2019un ultime confort.<\/p>\n<p>CITQ #222017<\/p>","protected":false},"excerpt":{"rendered":"<p>\u00c9L\u00c9GANCE \u2013 CHIC &#8211; URBAIN\u2026 Notre h\u00f4tel Boutique vous offre une exp\u00e9rience sensorielle unique, un d\u00e9cor sensationnel dans une ambiance branch\u00e9e. En plein quartier des affaires \u00e0 quelques minutes des principales attractions et c\u00e9l\u00e9brations de la ville de Qu\u00e9bec, d\u00e9couvrez un h\u00f4tel de style Newyorkais o\u00f9 b\u00e9ton rime avec \u00e9l\u00e9gance et distinction. Un style de [&hellip;]<\/p>\n","protected":false},"author":1,"featured_media":0,"parent":0,"menu_order":0,"comment_status":"open","ping_status":"open","template":"","meta":{"footnotes":""},"class_list":["post-7","page","type-page","status-publish","hentry"],"_links":{"self":[{"href":"https:\/\/www.grandtimeshotel.com\/grand-times-galeries\/fr\/wp-json\/wp\/v2\/pages\/7","targetHints":{"allow":["GET"]}}],"collection":[{"href":"https:\/\/www.grandtimeshotel.com\/grand-times-galeries\/fr\/wp-json\/wp\/v2\/pages"}],"about":[{"href":"https:\/\/www.grandtimeshotel.com\/grand-times-galeries\/fr\/wp-json\/wp\/v2\/types\/page"}],"author":[{"embeddable":true,"href":"https:\/\/www.grandtimeshotel.com\/grand-times-galeries\/fr\/wp-json\/wp\/v2\/users\/1"}],"replies":[{"embeddable":true,"href":"https:\/\/www.grandtimeshotel.com\/grand-times-galeries\/fr\/wp-json\/wp\/v2\/comments?post=7"}],"version-history":[{"count":156,"href":"https:\/\/www.grandtimeshotel.com\/grand-times-galeries\/fr\/wp-json\/wp\/v2\/pages\/7\/revisions"}],"predecessor-version":[{"id":2178,"href":"https:\/\/www.grandtimeshotel.com\/grand-times-galeries\/fr\/wp-json\/wp\/v2\/pages\/7\/revisions\/2178"}],"wp:attachment":[{"href":"https:\/\/www.grandtimeshotel.com\/grand-times-galeries\/fr\/wp-json\/wp\/v2\/media?parent=7"}],"curies":[{"name":"wp","href":"https:\/\/api.w.org\/{rel}","templated":true}]}}