{"id":384,"date":"2013-09-03T12:31:17","date_gmt":"2013-09-03T17:31:17","guid":{"rendered":"http:\/\/grandtimeshotel.com\/timesgaleries\/?page_id=384"},"modified":"2024-12-12T19:14:09","modified_gmt":"2024-12-12T19:14:09","slug":"double-space-suite","status":"publish","type":"page","link":"https:\/\/www.grandtimeshotel.com\/grand-times-galeries\/fr\/double-space-suite\/","title":{"rendered":"Suite Espace Double"},"content":{"rendered":"<p><\/p>\n<h1>SUITE ESPACE DOUBLE<\/h1>\n<p>Vous le m\u00e9ritez!<\/p>\n<p>G\u00e2tez-vous avec notre l\u2019une de nos suites!<\/p>\n<ul>\n<li>2 lits Queen<\/li>\n<li>Espace de travail<\/li>\n<li>Bain-douche<\/li>\n<li>Petit r\u00e9frig\u00e9rateur<\/li>\n<li>Micro-ondes<\/li>\n<li>Cafeti\u00e8re<\/li>\n<li>\u00a02 T\u00e9l\u00e9viseur \u00e9cran plat avec c\u00e2ble<\/li>\n<\/ul>\n<p>Cette Suite \u00e0 2 pi\u00e8ces a tout pour plaire! Profitez de cet espace priv\u00e9 unique pour vous y d\u00e9tendre accompagn\u00e9 de vos enfants.<\/p>\n<p>&nbsp;<\/p>","protected":false},"excerpt":{"rendered":"<p>SUITE ESPACE DOUBLE Vous le m\u00e9ritez! G\u00e2tez-vous avec notre l\u2019une de nos suites! 2 lits Queen Espace de travail Bain-douche Petit r\u00e9frig\u00e9rateur Micro-ondes Cafeti\u00e8re \u00a02 T\u00e9l\u00e9viseur \u00e9cran plat avec c\u00e2ble Cette Suite \u00e0 2 pi\u00e8ces a tout pour plaire! Profitez de cet espace priv\u00e9 unique pour vous y d\u00e9tendre accompagn\u00e9 de vos enfants. &nbsp;<\/p>\n","protected":false},"author":1,"featured_media":0,"parent":0,"menu_order":0,"comment_status":"open","ping_status":"open","template":"rooms-template.php","meta":{"footnotes":""},"class_list":["post-384","page","type-page","status-publish","hentry"],"_links":{"self":[{"href":"https:\/\/www.grandtimeshotel.com\/grand-times-galeries\/fr\/wp-json\/wp\/v2\/pages\/384","targetHints":{"allow":["GET"]}}],"collection":[{"href":"https:\/\/www.grandtimeshotel.com\/grand-times-galeries\/fr\/wp-json\/wp\/v2\/pages"}],"about":[{"href":"https:\/\/www.grandtimeshotel.com\/grand-times-galeries\/fr\/wp-json\/wp\/v2\/types\/page"}],"author":[{"embeddable":true,"href":"https:\/\/www.grandtimeshotel.com\/grand-times-galeries\/fr\/wp-json\/wp\/v2\/users\/1"}],"replies":[{"embeddable":true,"href":"https:\/\/www.grandtimeshotel.com\/grand-times-galeries\/fr\/wp-json\/wp\/v2\/comments?post=384"}],"version-history":[{"count":12,"href":"https:\/\/www.grandtimeshotel.com\/grand-times-galeries\/fr\/wp-json\/wp\/v2\/pages\/384\/revisions"}],"predecessor-version":[{"id":2152,"href":"https:\/\/www.grandtimeshotel.com\/grand-times-galeries\/fr\/wp-json\/wp\/v2\/pages\/384\/revisions\/2152"}],"wp:attachment":[{"href":"https:\/\/www.grandtimeshotel.com\/grand-times-galeries\/fr\/wp-json\/wp\/v2\/media?parent=384"}],"curies":[{"name":"wp","href":"https:\/\/api.w.org\/{rel}","templated":true}]}}