{"id":365,"date":"2013-08-27T17:18:15","date_gmt":"2013-08-27T22:18:15","guid":{"rendered":"http:\/\/grandtimeshotel.com\/timesgaleries\/?page_id=365"},"modified":"2024-12-11T11:59:48","modified_gmt":"2024-12-11T11:59:48","slug":"attractions","status":"publish","type":"page","link":"https:\/\/www.grandtimeshotel.com\/grand-times-galeries\/fr\/attractions\/","title":{"rendered":"Attractions"},"content":{"rendered":"<p><\/p>\n<ul>\n<li><a href=\"http:\/\/www.sepaq.com\/paq\/fr\/\" target=\"_blank\" rel=\"noopener\">Aquarium de Qu\u00e9bec<\/a><\/li>\n<li><a href=\"http:\/\/www.salonsdejeux.com\/quebec\" target=\"_blank\" rel=\"noopener\">Salon de Jeux<\/a><\/li>\n<li><a href=\"http:\/\/www.carnaval.qc.ca\/\" target=\"_blank\" rel=\"noopener\">Carnaval de Qu\u00e9bec<\/a><\/li>\n<li><a href=\"http:\/\/www.casinosduquebec.com\/charlevoix\/fr\/accueil\" target=\"_blank\" rel=\"noopener\">Casino de Charlevoix<\/a><\/li>\n<li><a href=\"http:\/\/www.mont-sainte-anne.com\/\" target=\"_blank\" rel=\"noopener\">Ski Mont Ste-Anne<\/a><\/li>\n<li><a href=\"http:\/\/www.ski-stoneham.com\/fr-ca\/accueil.aspx\" target=\"_blank\" rel=\"noopener\">Ski Stoneham<\/a><\/li>\n<li><a href=\"http:\/\/www.galeriesdelacapitale.com\/fr\/\" target=\"_blank\" rel=\"noopener\">Galeries de la Capitale Shopping<\/a><\/li>\n<li><a href=\"http:\/\/www.sepaq.com\/ct\/pcm\/index.dot?language_id=2\" target=\"_blank\" rel=\"noopener\">Parc de la Chute-Montmorency <\/a><\/li>\n<li><a href=\"http:\/\/fr.wikipedia.org\/wiki\/Colline_parlementaire_de_Qu%C3%A9bec\" target=\"_blank\" rel=\"noopener\">Colline Parlementaire<\/a><\/li>\n<li><a href=\"http:\/\/www.lecentrevideotron.ca\/fr\" target=\"_blank\" rel=\"noopener\">Centre Vid\u00e9otron<\/a><\/li>\n<li><a href=\"http:\/\/www.expocite.com\/en\/a-propos.aspx\" target=\"_blank\" rel=\"noopener\">Expo Cit\u00e9<\/a><\/li>\n<li><a href=\"http:\/\/www.quebecregion.com\/media\/16665\/parcourscyclablesregionquebec.pdf\">Pistes cyclables<\/a><\/li>\n<li><a href=\"http:\/\/www.infofestival.com\/Accueil\/?lang=fr-CA\" target=\"_blank\" rel=\"noopener\">Festival d\u2019\u00e9t\u00e9 de Qu\u00e9bec<\/a><\/li>\n<li><a href=\"https:\/\/siberiaspa.com\/\">Siberia Spa<\/a><\/li>\n<li><a href=\"https:\/\/www.lacitadelle.qc.ca\/fr\/\">La Citadelle de Qu\u00e9bec<\/a><\/li>\n<li><a href=\"http:\/\/www.mega-parc.com\/fr\/\" target=\"_blank\" rel=\"noopener\">M\u00e9ga Parc, parc d\u2019attractions int\u00e9rieur<\/a><\/li>\n<li><a href=\"https:\/\/www.quebec-cite.com\/fr\/quoi-faire-quebec\/musees\" target=\"_blank\" rel=\"noopener\">Mus\u00e9es de Qu\u00e9bec<\/a><\/li>\n<li><a href=\"http:\/\/www.mcq.org\/place-royale\/lieux.php\" target=\"_blank\" rel=\"noopener\">Place Royale<\/a><\/li>\n<li><a href=\"http:\/\/tourisme.iledorleans.com\/\" target=\"_blank\" rel=\"noopener\">\u00cele d\u2019Orl\u00e9ans<\/a><\/li>\n<li><a href=\"http:\/\/www.quoifaireaquebec.com\/\" target=\"_blank\" rel=\"noopener\">Quoi faire\u00a0<\/a><\/li>\n<li><a href=\"https:\/\/www.imax.com\/fr\/theatres\/cineplex-cinemas-galeries-de-la-capitale-imax\" target=\"_blank\" rel=\"noopener\">Imax Galeries de la Capitale<\/a><\/li>\n<li><a href=\"http:\/\/www.quoifaireaquebec.com\/\" target=\"_blank\" rel=\"noopener\">\u00e0 Qu\u00e9bec<\/a><\/li>\n<li><a href=\"http:\/\/www.sanctuairesainteanne.org\/index.php?lang=fr\" target=\"_blank\" rel=\"noopener\">Basilique Ste-Anne-de-Beaupr\u00e9<\/a><\/li>\n<li><a href=\"http:\/\/fr.wikipedia.org\/wiki\/Qu%C3%A9bec_(ville)\" target=\"_blank\" rel=\"noopener\">Historique Vieux-Qu\u00e9bec<\/a><\/li>\n<li><a href=\"http:\/\/www.valcartier.com\/\" target=\"_blank\" rel=\"noopener\">Village Vacances Valcartier<\/a><\/li>\n<li><a href=\"https:\/\/www.ville.quebec.qc.ca\/\">Ville de Qu\u00e9bec<\/a><\/li>\n<li><a href=\"http:\/\/www.huron-wendat.qc.ca\/index.html\" target=\"_blank\" rel=\"noopener\">Village Huron Wendake<\/a><\/li>\n<li><a href=\"http:\/\/www.grandtheatre.qc.ca\/\">Grand Th\u00e9\u00e2tre de Qu\u00e9bec<\/a><\/li>\n<li><a href=\"https:\/\/www.ville.quebec.qc.ca\/touristes\/attraits\/musees_lieux_exposition.aspx\">Mus\u00e9es \u00e0 Qu\u00e9bec<\/a><\/li>\n<\/ul>\n<p><\/p>","protected":false},"excerpt":{"rendered":"<p>Aquarium de Qu\u00e9bec Salon de Jeux Carnaval de Qu\u00e9bec Casino de Charlevoix Ski Mont Ste-Anne Ski Stoneham Galeries de la Capitale Shopping Parc de la Chute-Montmorency Colline Parlementaire Centre Vid\u00e9otron Expo Cit\u00e9 Pistes cyclables Festival d\u2019\u00e9t\u00e9 de Qu\u00e9bec Siberia Spa La Citadelle de Qu\u00e9bec M\u00e9ga Parc, parc d\u2019attractions int\u00e9rieur Mus\u00e9es de Qu\u00e9bec Place Royale \u00cele [&hellip;]<\/p>\n","protected":false},"author":1,"featured_media":0,"parent":0,"menu_order":0,"comment_status":"open","ping_status":"open","template":"attractions-page.php","meta":{"footnotes":""},"class_list":["post-365","page","type-page","status-publish","hentry"],"_links":{"self":[{"href":"https:\/\/www.grandtimeshotel.com\/grand-times-galeries\/fr\/wp-json\/wp\/v2\/pages\/365","targetHints":{"allow":["GET"]}}],"collection":[{"href":"https:\/\/www.grandtimeshotel.com\/grand-times-galeries\/fr\/wp-json\/wp\/v2\/pages"}],"about":[{"href":"https:\/\/www.grandtimeshotel.com\/grand-times-galeries\/fr\/wp-json\/wp\/v2\/types\/page"}],"author":[{"embeddable":true,"href":"https:\/\/www.grandtimeshotel.com\/grand-times-galeries\/fr\/wp-json\/wp\/v2\/users\/1"}],"replies":[{"embeddable":true,"href":"https:\/\/www.grandtimeshotel.com\/grand-times-galeries\/fr\/wp-json\/wp\/v2\/comments?post=365"}],"version-history":[{"count":34,"href":"https:\/\/www.grandtimeshotel.com\/grand-times-galeries\/fr\/wp-json\/wp\/v2\/pages\/365\/revisions"}],"predecessor-version":[{"id":2148,"href":"https:\/\/www.grandtimeshotel.com\/grand-times-galeries\/fr\/wp-json\/wp\/v2\/pages\/365\/revisions\/2148"}],"wp:attachment":[{"href":"https:\/\/www.grandtimeshotel.com\/grand-times-galeries\/fr\/wp-json\/wp\/v2\/media?parent=365"}],"curies":[{"name":"wp","href":"https:\/\/api.w.org\/{rel}","templated":true}]}}