{"id":321,"date":"2013-06-21T10:37:52","date_gmt":"2013-06-21T15:37:52","guid":{"rendered":"http:\/\/grandtimeshotel.com\/timesgaleries\/?page_id=321"},"modified":"2021-06-12T00:44:25","modified_gmt":"2021-06-12T00:44:25","slug":"centre-clinton","status":"publish","type":"page","link":"https:\/\/www.grandtimeshotel.com\/grand-times-galeries\/fr\/centre-clinton\/","title":{"rendered":"Centre Clinton"},"content":{"rendered":"<p><\/p>\n<h1>Centre Clinton<\/h1>\n<table>\n<tbody>\n<tr>\n<td>Style carr\u00e9:<\/td>\n<td>8 personnes<\/td>\n<\/tr>\n<tr>\n<th colspan=\"2\">13.5 m<sup>2<\/sup> &#8211; 150 p<sup>2<\/sup><\/th>\n<\/tr>\n<\/tbody>\n<\/table>\n<p>Veuillez <a href=\"mailto:coordinationquebec@timeshotel.ca\">contacter notre d\u00e9partement des ventes<\/a> par courriel<\/p>\n<p><a href=\"http:\/\/www.grandtimeshotel.com\/grand-times-galeries\/wp-content\/uploads\/sites\/3\/2013\/06\/Capacit%C3%A9-salles-Qu%C3%A9bec-2017-FR-INTERNET.pdf\" target=\"_blank\" rel=\"noopener\">T\u00e9l\u00e9charger le PDF<\/a><\/p>","protected":false},"excerpt":{"rendered":"<p>Centre Clinton Style carr\u00e9: 8 personnes 13.5 m2 &#8211; 150 p2 Veuillez contacter notre d\u00e9partement des ventes par courriel T\u00e9l\u00e9charger le PDF<\/p>\n","protected":false},"author":1,"featured_media":0,"parent":0,"menu_order":0,"comment_status":"open","ping_status":"open","template":"conf-rooms-template.php","meta":{"footnotes":""},"class_list":["post-321","page","type-page","status-publish","hentry"],"_links":{"self":[{"href":"https:\/\/www.grandtimeshotel.com\/grand-times-galeries\/fr\/wp-json\/wp\/v2\/pages\/321","targetHints":{"allow":["GET"]}}],"collection":[{"href":"https:\/\/www.grandtimeshotel.com\/grand-times-galeries\/fr\/wp-json\/wp\/v2\/pages"}],"about":[{"href":"https:\/\/www.grandtimeshotel.com\/grand-times-galeries\/fr\/wp-json\/wp\/v2\/types\/page"}],"author":[{"embeddable":true,"href":"https:\/\/www.grandtimeshotel.com\/grand-times-galeries\/fr\/wp-json\/wp\/v2\/users\/1"}],"replies":[{"embeddable":true,"href":"https:\/\/www.grandtimeshotel.com\/grand-times-galeries\/fr\/wp-json\/wp\/v2\/comments?post=321"}],"version-history":[{"count":6,"href":"https:\/\/www.grandtimeshotel.com\/grand-times-galeries\/fr\/wp-json\/wp\/v2\/pages\/321\/revisions"}],"predecessor-version":[{"id":1666,"href":"https:\/\/www.grandtimeshotel.com\/grand-times-galeries\/fr\/wp-json\/wp\/v2\/pages\/321\/revisions\/1666"}],"wp:attachment":[{"href":"https:\/\/www.grandtimeshotel.com\/grand-times-galeries\/fr\/wp-json\/wp\/v2\/media?parent=321"}],"curies":[{"name":"wp","href":"https:\/\/api.w.org\/{rel}","templated":true}]}}