{"id":266,"date":"2013-06-18T11:43:50","date_gmt":"2013-06-18T16:43:50","guid":{"rendered":"http:\/\/grandtimeshotel.com\/timesgaleries\/?page_id=266"},"modified":"2024-02-29T19:17:35","modified_gmt":"2024-02-29T19:17:35","slug":"tribeca-theatre","status":"publish","type":"page","link":"https:\/\/www.grandtimeshotel.com\/grand-times-galeries\/fr\/tribeca-theatre\/","title":{"rendered":"Salle Tribeca Theatre"},"content":{"rendered":"<p><\/p>\n<h1>Salle Tribeca Theatre<\/h1>\n<table>\n<tbody>\n<tr>\n<td>Style th\u00e9\u00e2tre:<\/td>\n<td>70\u00a0personnes<\/td>\n<\/tr>\n<tr>\n<td>Style table ronde:<\/td>\n<td>64\u00a0personnes<\/td>\n<\/tr>\n<tr>\n<td>Style \u00e9colier:<\/td>\n<td>44 personnes<\/td>\n<\/tr>\n<tr>\n<td>Style demi-lune:<\/td>\n<td>42\u00a0personnes<\/td>\n<\/tr>\n<tr>\n<td>Style en U:<\/td>\n<td>24\u00a0personnes<\/td>\n<\/tr>\n<tr>\n<th colspan=\"2\">89 m<sup>2<\/sup> &#8211; 990 p<sup>2<\/sup><\/th>\n<\/tr>\n<\/tbody>\n<\/table>\n<p>Veuillez contacter notre d\u00e9partement des ventes par courriel \u00e0 <a href=\"mailto:coordinationquebec@timeshotel.ca\">coordinationquebec@timeshotel.ca<\/a><\/p>\n<p><a title=\"Grand Times Hotel Meeting Rooms\" href=\"http:\/\/www.grandtimeshotel.com\/grand-times-galeries\/wp-content\/uploads\/sites\/3\/2013\/06\/Capacit\u00e9-salles-Qu\u00e9bec-2017-FR-INTERNET.pdf\" target=\"_blank\" rel=\"noopener\">T\u00e9l\u00e9charger le PDF<\/a><\/p>","protected":false},"excerpt":{"rendered":"<p>Salle Tribeca Theatre Style th\u00e9\u00e2tre: 70\u00a0personnes Style table ronde: 64\u00a0personnes Style \u00e9colier: 44 personnes Style demi-lune: 42\u00a0personnes Style en U: 24\u00a0personnes 89 m2 &#8211; 990 p2 Veuillez contacter notre d\u00e9partement des ventes par courriel \u00e0 coordinationquebec@timeshotel.ca T\u00e9l\u00e9charger le PDF<\/p>\n","protected":false},"author":1,"featured_media":0,"parent":0,"menu_order":0,"comment_status":"open","ping_status":"open","template":"rooms-template.php","meta":{"footnotes":""},"class_list":["post-266","page","type-page","status-publish","hentry"],"_links":{"self":[{"href":"https:\/\/www.grandtimeshotel.com\/grand-times-galeries\/fr\/wp-json\/wp\/v2\/pages\/266","targetHints":{"allow":["GET"]}}],"collection":[{"href":"https:\/\/www.grandtimeshotel.com\/grand-times-galeries\/fr\/wp-json\/wp\/v2\/pages"}],"about":[{"href":"https:\/\/www.grandtimeshotel.com\/grand-times-galeries\/fr\/wp-json\/wp\/v2\/types\/page"}],"author":[{"embeddable":true,"href":"https:\/\/www.grandtimeshotel.com\/grand-times-galeries\/fr\/wp-json\/wp\/v2\/users\/1"}],"replies":[{"embeddable":true,"href":"https:\/\/www.grandtimeshotel.com\/grand-times-galeries\/fr\/wp-json\/wp\/v2\/comments?post=266"}],"version-history":[{"count":16,"href":"https:\/\/www.grandtimeshotel.com\/grand-times-galeries\/fr\/wp-json\/wp\/v2\/pages\/266\/revisions"}],"predecessor-version":[{"id":1967,"href":"https:\/\/www.grandtimeshotel.com\/grand-times-galeries\/fr\/wp-json\/wp\/v2\/pages\/266\/revisions\/1967"}],"wp:attachment":[{"href":"https:\/\/www.grandtimeshotel.com\/grand-times-galeries\/fr\/wp-json\/wp\/v2\/media?parent=266"}],"curies":[{"name":"wp","href":"https:\/\/api.w.org\/{rel}","templated":true}]}}