{"id":26,"date":"2013-04-09T21:23:44","date_gmt":"2013-04-09T21:23:44","guid":{"rendered":"http:\/\/asmallchichotel.com\/timesgaleries\/?page_id=26"},"modified":"2024-12-11T12:00:35","modified_gmt":"2024-12-11T12:00:35","slug":"contact","status":"publish","type":"page","link":"https:\/\/www.grandtimeshotel.com\/grand-times-galeries\/fr\/contact\/","title":{"rendered":"Contactez-nous"},"content":{"rendered":"<p>La Directrice des op\u00e9rations, St\u00e9phanie Beaudoin<br \/>\n<a title=\"Email Lynda\" href=\"mailto:directeurquebec@timeshotel.ca\">directeurquebec@timeshotel.ca<\/a><\/p>\n<p>Le D\u00e9partement des ventes<br \/>\n<a title=\"Mail Anne\" href=\"mailto:coordinationquebec@timeshotel.ca\">coordinationquebec@timeshotel.ca<\/a><\/p>\n<p>Pour effectuer une r\u00e9servation ou pour une demande d&rsquo;information<br \/>\n<a title=\"Mail Reservations\" href=\"mailto:reservationquebec@timeshotel.ca\">reservationquebec@timeshotel.ca<\/a><\/p>","protected":false},"excerpt":{"rendered":"<p>La Directrice des op\u00e9rations, St\u00e9phanie Beaudoin directeurquebec@timeshotel.ca Le D\u00e9partement des ventes coordinationquebec@timeshotel.ca Pour effectuer une r\u00e9servation ou pour une demande d&rsquo;information reservationquebec@timeshotel.ca<\/p>\n","protected":false},"author":1,"featured_media":0,"parent":0,"menu_order":0,"comment_status":"open","ping_status":"open","template":"contact-template.php","meta":{"footnotes":""},"class_list":["post-26","page","type-page","status-publish","hentry"],"_links":{"self":[{"href":"https:\/\/www.grandtimeshotel.com\/grand-times-galeries\/fr\/wp-json\/wp\/v2\/pages\/26","targetHints":{"allow":["GET"]}}],"collection":[{"href":"https:\/\/www.grandtimeshotel.com\/grand-times-galeries\/fr\/wp-json\/wp\/v2\/pages"}],"about":[{"href":"https:\/\/www.grandtimeshotel.com\/grand-times-galeries\/fr\/wp-json\/wp\/v2\/types\/page"}],"author":[{"embeddable":true,"href":"https:\/\/www.grandtimeshotel.com\/grand-times-galeries\/fr\/wp-json\/wp\/v2\/users\/1"}],"replies":[{"embeddable":true,"href":"https:\/\/www.grandtimeshotel.com\/grand-times-galeries\/fr\/wp-json\/wp\/v2\/comments?post=26"}],"version-history":[{"count":52,"href":"https:\/\/www.grandtimeshotel.com\/grand-times-galeries\/fr\/wp-json\/wp\/v2\/pages\/26\/revisions"}],"predecessor-version":[{"id":2149,"href":"https:\/\/www.grandtimeshotel.com\/grand-times-galeries\/fr\/wp-json\/wp\/v2\/pages\/26\/revisions\/2149"}],"wp:attachment":[{"href":"https:\/\/www.grandtimeshotel.com\/grand-times-galeries\/fr\/wp-json\/wp\/v2\/media?parent=26"}],"curies":[{"name":"wp","href":"https:\/\/api.w.org\/{rel}","templated":true}]}}