{"id":13,"date":"2013-04-09T21:20:12","date_gmt":"2013-04-09T21:20:12","guid":{"rendered":"http:\/\/asmallchichotel.com\/timesgaleries\/?page_id=13"},"modified":"2024-12-11T11:58:11","modified_gmt":"2024-12-11T11:58:11","slug":"amenities","status":"publish","type":"page","link":"https:\/\/www.grandtimeshotel.com\/grand-times-galeries\/fr\/amenities\/","title":{"rendered":"Services"},"content":{"rendered":"<p><\/p>\n<article>\n<h1>Services<\/h1>\n<ul>\n<li>D\u00e9jeuner continental sant\u00e9 \u00e9labor\u00e9 de style buffet <em>(certaines restrictions s&rsquo;appliquent)\u00a0<\/em><\/li>\n<li>Stationnement pour v\u00e9hicule standard (suppl\u00e9ment $ pour les v\u00e9hicules non standards)<\/li>\n<li>Piscine int\u00e9rieure<em>\u00a0<\/em><\/li>\n<li>Acc\u00e8s Internet haute vitesse\u00a0 sans fil<\/li>\n<li>Salle de conditionnement physique<\/li>\n<li>Terrasse ext\u00e9rieure<\/li>\n<li>Service de Nettoyage \u00e0 sec ($)<\/li>\n<li>Borne de recharge pour v\u00e9hicules \u00e9lectriques ($)<\/li>\n<li>Borne de recharge Porsche : Gratuit pour nos clients ayant une Porsche \u00e9lectrique<\/li>\n<li>Service de bar \u00e0 la r\u00e9ception ($)<\/li>\n<li>Buanderie client ($)<\/li>\n<\/ul>\n<\/article>\n<p><\/p>","protected":false},"excerpt":{"rendered":"<p>Services D\u00e9jeuner continental sant\u00e9 \u00e9labor\u00e9 de style buffet (certaines restrictions s&rsquo;appliquent)\u00a0 Stationnement pour v\u00e9hicule standard (suppl\u00e9ment $ pour les v\u00e9hicules non standards) Piscine int\u00e9rieure\u00a0 Acc\u00e8s Internet haute vitesse\u00a0 sans fil Salle de conditionnement physique Terrasse ext\u00e9rieure Service de Nettoyage \u00e0 sec ($) Borne de recharge pour v\u00e9hicules \u00e9lectriques ($) Borne de recharge Porsche : Gratuit [&hellip;]<\/p>\n","protected":false},"author":1,"featured_media":0,"parent":0,"menu_order":0,"comment_status":"open","ping_status":"open","template":"rooms-template.php","meta":{"footnotes":""},"class_list":["post-13","page","type-page","status-publish","hentry"],"_links":{"self":[{"href":"https:\/\/www.grandtimeshotel.com\/grand-times-galeries\/fr\/wp-json\/wp\/v2\/pages\/13","targetHints":{"allow":["GET"]}}],"collection":[{"href":"https:\/\/www.grandtimeshotel.com\/grand-times-galeries\/fr\/wp-json\/wp\/v2\/pages"}],"about":[{"href":"https:\/\/www.grandtimeshotel.com\/grand-times-galeries\/fr\/wp-json\/wp\/v2\/types\/page"}],"author":[{"embeddable":true,"href":"https:\/\/www.grandtimeshotel.com\/grand-times-galeries\/fr\/wp-json\/wp\/v2\/users\/1"}],"replies":[{"embeddable":true,"href":"https:\/\/www.grandtimeshotel.com\/grand-times-galeries\/fr\/wp-json\/wp\/v2\/comments?post=13"}],"version-history":[{"count":24,"href":"https:\/\/www.grandtimeshotel.com\/grand-times-galeries\/fr\/wp-json\/wp\/v2\/pages\/13\/revisions"}],"predecessor-version":[{"id":2146,"href":"https:\/\/www.grandtimeshotel.com\/grand-times-galeries\/fr\/wp-json\/wp\/v2\/pages\/13\/revisions\/2146"}],"wp:attachment":[{"href":"https:\/\/www.grandtimeshotel.com\/grand-times-galeries\/fr\/wp-json\/wp\/v2\/media?parent=13"}],"curies":[{"name":"wp","href":"https:\/\/api.w.org\/{rel}","templated":true}]}}