{"id":58,"date":"2016-02-22T22:52:04","date_gmt":"2016-02-22T22:52:04","guid":{"rendered":"http:\/\/www.grandtimeshotel.com\/grand-times-drummondville\/?page_id=58"},"modified":"2025-12-11T17:54:20","modified_gmt":"2025-12-11T17:54:20","slug":"boardroom","status":"publish","type":"page","link":"https:\/\/www.grandtimeshotel.com\/grand-times-drummondville\/fr\/boardroom\/","title":{"rendered":"Centre de conf\u00e9rences"},"content":{"rendered":"<p><\/p>\n<h1>CENTRE DE CONF\u00c9RENCES<\/h1>\n<ul>\n<li>Avec plus de 5 500 pieds carr\u00e9s d&rsquo;espace de r\u00e9union dont la moiti\u00e9 se trouvant au 12\u00e8me \u00e9tage de notre h\u00f4tel, faites que votre r\u00e9union d&rsquo;affaire, congr\u00e8s, conf\u00e9rence ou r\u00e9ception soit une r\u00e9ussite et conviez vos invit\u00e9s au Grand Times H\u00f4tel Drummondville.\n<p>Faites appel \u00e0 nos conseillers corporatifs pour obtenir de pr\u00e9cieux conseils. Vous b\u00e9n\u00e9ficierez d&rsquo;un accompagnement personnalis\u00e9, dynamique et professionnel pour assurer le GRAND succ\u00e8s de votre \u00e9v\u00e9nement.<\/p>\n<p>Contactez imm\u00e9diatement notre \u00e9quipe \u00e0 <a href=\"mailto:infodrummond@timeshotel.ca\">infodrummond@timeshotel.ca<\/a> ou 819 474-5555.<\/li>\n<\/ul>\n<p><\/p>","protected":false},"excerpt":{"rendered":"<p>CENTRE DE CONF\u00c9RENCES Avec plus de 5 500 pieds carr\u00e9s d&rsquo;espace de r\u00e9union dont la moiti\u00e9 se trouvant au 12\u00e8me \u00e9tage de notre h\u00f4tel, faites que votre r\u00e9union d&rsquo;affaire, congr\u00e8s, conf\u00e9rence ou r\u00e9ception soit une r\u00e9ussite et conviez vos invit\u00e9s au Grand Times H\u00f4tel Drummondville. Faites appel \u00e0 nos conseillers corporatifs pour obtenir de pr\u00e9cieux [&hellip;]<\/p>\n","protected":false},"author":1,"featured_media":0,"parent":0,"menu_order":0,"comment_status":"closed","ping_status":"closed","template":"guest-comments.php","meta":{"footnotes":""},"class_list":["post-58","page","type-page","status-publish","hentry"],"_links":{"self":[{"href":"https:\/\/www.grandtimeshotel.com\/grand-times-drummondville\/fr\/wp-json\/wp\/v2\/pages\/58","targetHints":{"allow":["GET"]}}],"collection":[{"href":"https:\/\/www.grandtimeshotel.com\/grand-times-drummondville\/fr\/wp-json\/wp\/v2\/pages"}],"about":[{"href":"https:\/\/www.grandtimeshotel.com\/grand-times-drummondville\/fr\/wp-json\/wp\/v2\/types\/page"}],"author":[{"embeddable":true,"href":"https:\/\/www.grandtimeshotel.com\/grand-times-drummondville\/fr\/wp-json\/wp\/v2\/users\/1"}],"replies":[{"embeddable":true,"href":"https:\/\/www.grandtimeshotel.com\/grand-times-drummondville\/fr\/wp-json\/wp\/v2\/comments?post=58"}],"version-history":[{"count":61,"href":"https:\/\/www.grandtimeshotel.com\/grand-times-drummondville\/fr\/wp-json\/wp\/v2\/pages\/58\/revisions"}],"predecessor-version":[{"id":989,"href":"https:\/\/www.grandtimeshotel.com\/grand-times-drummondville\/fr\/wp-json\/wp\/v2\/pages\/58\/revisions\/989"}],"wp:attachment":[{"href":"https:\/\/www.grandtimeshotel.com\/grand-times-drummondville\/fr\/wp-json\/wp\/v2\/media?parent=58"}],"curies":[{"name":"wp","href":"https:\/\/api.w.org\/{rel}","templated":true}]}}