{"id":53,"date":"2016-02-22T21:10:10","date_gmt":"2016-02-22T21:10:10","guid":{"rendered":"http:\/\/www.grandtimeshotel.com\/grand-times-drummondville\/?page_id=53"},"modified":"2025-12-11T17:57:48","modified_gmt":"2025-12-11T17:57:48","slug":"services","status":"publish","type":"page","link":"https:\/\/www.grandtimeshotel.com\/grand-times-drummondville\/fr\/services\/","title":{"rendered":"Services"},"content":{"rendered":"<p><\/p>\n<h1>Services<\/h1>\n<p>Imagin\u00e9 pour vous, notre h\u00f4tel offre une multitude de services et de commodit\u00e9s de fa\u00e7on \u00e0 vous offrir une exp\u00e9rience unique :<\/p>\n<ul>\n<li>Cozy Lounge o\u00f9 profiter d\u2019une ambiance feutr\u00e9e et d\u2019un service bar ($),<\/li>\n<li>un d\u00e9jeuner continental sant\u00e9 \u00e9labor\u00e9 de style buffet offrant une vue \u00e0 couper le souffle <em>(certaines restrictions s&rsquo;appliquent)<\/em><\/li>\n<li>Salle de condition physique<\/li>\n<li>une piscine int\u00e9rieure chauff\u00e9e<\/li>\n<li>une buanderie client ($)<\/li>\n<li>Stationnement pour v\u00e9hicule standard (suppl\u00e9ment $ pour v\u00e9hicules non standard)<\/li>\n<li>Acc\u00e8s Internet haute vitesse sans fil<\/li>\n<li>Service de nettoyage \u00e0 sec ($)<\/li>\n<li>Buanderie client ($)<\/li>\n<li>Borne de recharge pour v\u00e9hicule \u00e9lectrique \u00e0 proximit\u00e9 ($)<\/li>\n<li>VEUILLEZ NOTER QUE LES ANIMAUX DE COMPAGNIE NE SONT PAS AUTORIS\u00c9S.<\/li>\n<\/ul>\n<p><\/p>","protected":false},"excerpt":{"rendered":"<p>Services Imagin\u00e9 pour vous, notre h\u00f4tel offre une multitude de services et de commodit\u00e9s de fa\u00e7on \u00e0 vous offrir une exp\u00e9rience unique : Cozy Lounge o\u00f9 profiter d\u2019une ambiance feutr\u00e9e et d\u2019un service bar ($), un d\u00e9jeuner continental sant\u00e9 \u00e9labor\u00e9 de style buffet offrant une vue \u00e0 couper le souffle (certaines restrictions s&rsquo;appliquent) Salle de [&hellip;]<\/p>\n","protected":false},"author":1,"featured_media":0,"parent":0,"menu_order":0,"comment_status":"closed","ping_status":"closed","template":"guest-comments.php","meta":{"footnotes":""},"class_list":["post-53","page","type-page","status-publish","hentry"],"_links":{"self":[{"href":"https:\/\/www.grandtimeshotel.com\/grand-times-drummondville\/fr\/wp-json\/wp\/v2\/pages\/53","targetHints":{"allow":["GET"]}}],"collection":[{"href":"https:\/\/www.grandtimeshotel.com\/grand-times-drummondville\/fr\/wp-json\/wp\/v2\/pages"}],"about":[{"href":"https:\/\/www.grandtimeshotel.com\/grand-times-drummondville\/fr\/wp-json\/wp\/v2\/types\/page"}],"author":[{"embeddable":true,"href":"https:\/\/www.grandtimeshotel.com\/grand-times-drummondville\/fr\/wp-json\/wp\/v2\/users\/1"}],"replies":[{"embeddable":true,"href":"https:\/\/www.grandtimeshotel.com\/grand-times-drummondville\/fr\/wp-json\/wp\/v2\/comments?post=53"}],"version-history":[{"count":26,"href":"https:\/\/www.grandtimeshotel.com\/grand-times-drummondville\/fr\/wp-json\/wp\/v2\/pages\/53\/revisions"}],"predecessor-version":[{"id":994,"href":"https:\/\/www.grandtimeshotel.com\/grand-times-drummondville\/fr\/wp-json\/wp\/v2\/pages\/53\/revisions\/994"}],"wp:attachment":[{"href":"https:\/\/www.grandtimeshotel.com\/grand-times-drummondville\/fr\/wp-json\/wp\/v2\/media?parent=53"}],"curies":[{"name":"wp","href":"https:\/\/api.w.org\/{rel}","templated":true}]}}