{"id":5,"date":"2015-04-08T14:26:58","date_gmt":"2015-04-08T14:26:58","guid":{"rendered":"http:\/\/www.grandtimeshotel.com\/grand-times-drummondville\/?page_id=5"},"modified":"2025-12-11T17:56:06","modified_gmt":"2025-12-11T17:56:06","slug":"home","status":"publish","type":"page","link":"https:\/\/www.grandtimeshotel.com\/grand-times-drummondville\/fr\/","title":{"rendered":"Accueil"},"content":{"rendered":"<p><\/p>\n<h1>CHIC, URBAIN, CONFORTABLE<\/h1>\n<p>Directement reli\u00e9 au CentrExpo Promutuel, le Grand Times H\u00f4tel Drummondville de tendance urbaine et sophistiqu\u00e9e, o\u00f9 l&rsquo;excellence et l&rsquo;\u00e9quilibre d&rsquo;un style \u00e9pur\u00e9 alliant une ambiance sensorielle vous fera voyager dans une atmosph\u00e8re anim\u00e9e d&rsquo;inspiration Newyorkaise.Notre \u00e9quipe est pr\u00eate \u00e0 vous y accueillir pour un s\u00e9jour m\u00e9morable digne des plus grands h\u00f4tels !<\/p>","protected":false},"excerpt":{"rendered":"<p>CHIC, URBAIN, CONFORTABLE Directement reli\u00e9 au CentrExpo Promutuel, le Grand Times H\u00f4tel Drummondville de tendance urbaine et sophistiqu\u00e9e, o\u00f9 l&rsquo;excellence et l&rsquo;\u00e9quilibre d&rsquo;un style \u00e9pur\u00e9 alliant une ambiance sensorielle vous fera voyager dans une atmosph\u00e8re anim\u00e9e d&rsquo;inspiration Newyorkaise.Notre \u00e9quipe est pr\u00eate \u00e0 vous y accueillir pour un s\u00e9jour m\u00e9morable digne des plus grands h\u00f4tels !<\/p>\n","protected":false},"author":1,"featured_media":0,"parent":0,"menu_order":0,"comment_status":"open","ping_status":"open","template":"","meta":{"footnotes":""},"class_list":["post-5","page","type-page","status-publish","hentry"],"_links":{"self":[{"href":"https:\/\/www.grandtimeshotel.com\/grand-times-drummondville\/fr\/wp-json\/wp\/v2\/pages\/5","targetHints":{"allow":["GET"]}}],"collection":[{"href":"https:\/\/www.grandtimeshotel.com\/grand-times-drummondville\/fr\/wp-json\/wp\/v2\/pages"}],"about":[{"href":"https:\/\/www.grandtimeshotel.com\/grand-times-drummondville\/fr\/wp-json\/wp\/v2\/types\/page"}],"author":[{"embeddable":true,"href":"https:\/\/www.grandtimeshotel.com\/grand-times-drummondville\/fr\/wp-json\/wp\/v2\/users\/1"}],"replies":[{"embeddable":true,"href":"https:\/\/www.grandtimeshotel.com\/grand-times-drummondville\/fr\/wp-json\/wp\/v2\/comments?post=5"}],"version-history":[{"count":154,"href":"https:\/\/www.grandtimeshotel.com\/grand-times-drummondville\/fr\/wp-json\/wp\/v2\/pages\/5\/revisions"}],"predecessor-version":[{"id":992,"href":"https:\/\/www.grandtimeshotel.com\/grand-times-drummondville\/fr\/wp-json\/wp\/v2\/pages\/5\/revisions\/992"}],"wp:attachment":[{"href":"https:\/\/www.grandtimeshotel.com\/grand-times-drummondville\/fr\/wp-json\/wp\/v2\/media?parent=5"}],"curies":[{"name":"wp","href":"https:\/\/api.w.org\/{rel}","templated":true}]}}