{"id":48,"date":"2016-02-22T21:03:25","date_gmt":"2016-02-22T21:03:25","guid":{"rendered":"http:\/\/www.grandtimeshotel.com\/grand-times-drummondville\/?page_id=48"},"modified":"2023-10-18T18:26:29","modified_gmt":"2023-10-18T18:26:29","slug":"vertigo-suite-space","status":"publish","type":"page","link":"https:\/\/www.grandtimeshotel.com\/grand-times-drummondville\/fr\/vertigo-suite-space\/","title":{"rendered":"Suite Vertige Espace +"},"content":{"rendered":"<p><\/p>\n<h1>Suite Vertige Espace +<\/h1>\n<li>\n<p>La Suite Vertige Espace +, l\u00e0 o\u00f9 le luxe et l\u2019\u00e9l\u00e9gance se rencontrent pour vous offrir une exp\u00e9rience in\u00e9gal\u00e9e. Cette spacieuse suite sur mesure vous invite dans un univers de raffinement et de grandeur. \u00c0 votre arriv\u00e9e, vous serez accueilli par un somptueux lit King, garantissant des nuits de repos in\u00e9gal\u00e9es. Nos serviettes moelleuses et nos produits de toilette haut de gamme ajoutent une touche de confort \u00e0 votre s\u00e9jour.<\/p>\n<p>Laissez notre \u00e9quipe vous emporter par une exp\u00e9rience de s\u00e9jour incomparable, o\u00f9 le luxe, le confort et la vue imprenable se r\u00e9unissent pour cr\u00e9er des souvenirs inoubliables.<\/p>\n<p>Vous adorerez sa douche vitr\u00e9e \u00e0 3 c\u00f4t\u00e9s *Exclusivit\u00e9 TiMES !<\/p>","protected":false},"excerpt":{"rendered":"<p>Suite Vertige Espace + La Suite Vertige Espace +, l\u00e0 o\u00f9 le luxe et l\u2019\u00e9l\u00e9gance se rencontrent pour vous offrir une exp\u00e9rience in\u00e9gal\u00e9e. Cette spacieuse suite sur mesure vous invite dans un univers de raffinement et de grandeur. \u00c0 votre arriv\u00e9e, vous serez accueilli par un somptueux lit King, garantissant des nuits de repos in\u00e9gal\u00e9es. [&hellip;]<\/p>\n","protected":false},"author":1,"featured_media":0,"parent":0,"menu_order":0,"comment_status":"closed","ping_status":"closed","template":"rooms-template.php","meta":{"footnotes":""},"class_list":["post-48","page","type-page","status-publish","hentry"],"_links":{"self":[{"href":"https:\/\/www.grandtimeshotel.com\/grand-times-drummondville\/fr\/wp-json\/wp\/v2\/pages\/48","targetHints":{"allow":["GET"]}}],"collection":[{"href":"https:\/\/www.grandtimeshotel.com\/grand-times-drummondville\/fr\/wp-json\/wp\/v2\/pages"}],"about":[{"href":"https:\/\/www.grandtimeshotel.com\/grand-times-drummondville\/fr\/wp-json\/wp\/v2\/types\/page"}],"author":[{"embeddable":true,"href":"https:\/\/www.grandtimeshotel.com\/grand-times-drummondville\/fr\/wp-json\/wp\/v2\/users\/1"}],"replies":[{"embeddable":true,"href":"https:\/\/www.grandtimeshotel.com\/grand-times-drummondville\/fr\/wp-json\/wp\/v2\/comments?post=48"}],"version-history":[{"count":7,"href":"https:\/\/www.grandtimeshotel.com\/grand-times-drummondville\/fr\/wp-json\/wp\/v2\/pages\/48\/revisions"}],"predecessor-version":[{"id":809,"href":"https:\/\/www.grandtimeshotel.com\/grand-times-drummondville\/fr\/wp-json\/wp\/v2\/pages\/48\/revisions\/809"}],"wp:attachment":[{"href":"https:\/\/www.grandtimeshotel.com\/grand-times-drummondville\/fr\/wp-json\/wp\/v2\/media?parent=48"}],"curies":[{"name":"wp","href":"https:\/\/api.w.org\/{rel}","templated":true}]}}