{"id":44,"date":"2016-02-22T19:17:58","date_gmt":"2016-02-22T19:17:58","guid":{"rendered":"http:\/\/www.grandtimeshotel.com\/grand-times-drummondville\/?page_id=44"},"modified":"2023-10-18T18:24:08","modified_gmt":"2023-10-18T18:24:08","slug":"vertigo-suite","status":"publish","type":"page","link":"https:\/\/www.grandtimeshotel.com\/grand-times-drummondville\/fr\/vertigo-suite\/","title":{"rendered":"Suite Vertige"},"content":{"rendered":"<p><\/p>\n<h1>Suite Vertige<\/h1>\n<li>\n<p>D\u00e9couvrez la Suite Vertige, une exp\u00e9rience de s\u00e9jour exceptionnelle au c\u0153ur du Centre-du-Qu\u00e9bec. Cette suite moderne vous offre une vue panoramique \u00e9poustouflante gr\u00e2ce \u00e0 ses murs de verre. Profitez d\u2019un lit bord\u00e9 d\u2019oreillers de plumes, sa couette, lourde et r\u00e9confortante. Vous vous sentirez comme sur un nuage. La Suite Vertige, c\u2019est le mariage parfait de luxe et du confort pour une escapade inoubliable en solo, par affaire ou pour un week-end de d\u00e9tente en couple.<\/p>\n<p>Vous adorerez sa douche vitr\u00e9e \u00e0 3 c\u00f4t\u00e9s *Exclusivit\u00e9 TiMES !<\/p>","protected":false},"excerpt":{"rendered":"<p>Suite Vertige D\u00e9couvrez la Suite Vertige, une exp\u00e9rience de s\u00e9jour exceptionnelle au c\u0153ur du Centre-du-Qu\u00e9bec. Cette suite moderne vous offre une vue panoramique \u00e9poustouflante gr\u00e2ce \u00e0 ses murs de verre. Profitez d\u2019un lit bord\u00e9 d\u2019oreillers de plumes, sa couette, lourde et r\u00e9confortante. Vous vous sentirez comme sur un nuage. La Suite Vertige, c\u2019est le mariage [&hellip;]<\/p>\n","protected":false},"author":1,"featured_media":0,"parent":0,"menu_order":0,"comment_status":"closed","ping_status":"closed","template":"rooms-template.php","meta":{"footnotes":""},"class_list":["post-44","page","type-page","status-publish","hentry"],"_links":{"self":[{"href":"https:\/\/www.grandtimeshotel.com\/grand-times-drummondville\/fr\/wp-json\/wp\/v2\/pages\/44","targetHints":{"allow":["GET"]}}],"collection":[{"href":"https:\/\/www.grandtimeshotel.com\/grand-times-drummondville\/fr\/wp-json\/wp\/v2\/pages"}],"about":[{"href":"https:\/\/www.grandtimeshotel.com\/grand-times-drummondville\/fr\/wp-json\/wp\/v2\/types\/page"}],"author":[{"embeddable":true,"href":"https:\/\/www.grandtimeshotel.com\/grand-times-drummondville\/fr\/wp-json\/wp\/v2\/users\/1"}],"replies":[{"embeddable":true,"href":"https:\/\/www.grandtimeshotel.com\/grand-times-drummondville\/fr\/wp-json\/wp\/v2\/comments?post=44"}],"version-history":[{"count":8,"href":"https:\/\/www.grandtimeshotel.com\/grand-times-drummondville\/fr\/wp-json\/wp\/v2\/pages\/44\/revisions"}],"predecessor-version":[{"id":807,"href":"https:\/\/www.grandtimeshotel.com\/grand-times-drummondville\/fr\/wp-json\/wp\/v2\/pages\/44\/revisions\/807"}],"wp:attachment":[{"href":"https:\/\/www.grandtimeshotel.com\/grand-times-drummondville\/fr\/wp-json\/wp\/v2\/media?parent=44"}],"curies":[{"name":"wp","href":"https:\/\/api.w.org\/{rel}","templated":true}]}}