{"id":35,"date":"2016-02-22T17:33:48","date_gmt":"2016-02-22T17:33:48","guid":{"rendered":"http:\/\/www.grandtimeshotel.com\/grand-times-drummondville\/?page_id=35"},"modified":"2023-10-18T18:19:17","modified_gmt":"2023-10-18T18:19:17","slug":"grand-confort","status":"publish","type":"page","link":"https:\/\/www.grandtimeshotel.com\/grand-times-drummondville\/fr\/grand-confort\/","title":{"rendered":"Grand Confort"},"content":{"rendered":"<p><br \/>\n<h1>Grand Confort<\/h1>\n<li>\n<p>D\u00e9velopp\u00e9e pour un confort in\u00e9gal\u00e9, nos chambres Grand Confort vous offre un lit bord\u00e9 d\u2019oreillers de plumes, sa couette, lourde et r\u00e9confortante et la douceur de nos draps qui vous offrirons une v\u00e9ritable oasis de confort.<\/p>\n<p>De nombreuses commodit\u00e9s vous sont offertes telles que : \u00e9tage priv\u00e9e, mini frigo et cafeti\u00e8re.<\/p>\n<p>Disponible en format :<\/p>\n<ul>\n<li>Queen et Murphy (option semi-adapt\u00e9e disponible)\n<li>2 Queens\n<li>King<br \/>","protected":false},"excerpt":{"rendered":"<p>Grand Confort D\u00e9velopp\u00e9e pour un confort in\u00e9gal\u00e9, nos chambres Grand Confort vous offre un lit bord\u00e9 d\u2019oreillers de plumes, sa couette, lourde et r\u00e9confortante et la douceur de nos draps qui vous offrirons une v\u00e9ritable oasis de confort. De nombreuses commodit\u00e9s vous sont offertes telles que : \u00e9tage priv\u00e9e, mini frigo et cafeti\u00e8re. Disponible en [&hellip;]<\/p>\n","protected":false},"author":1,"featured_media":0,"parent":0,"menu_order":0,"comment_status":"closed","ping_status":"closed","template":"rooms-template.php","meta":{"footnotes":""},"class_list":["post-35","page","type-page","status-publish","hentry"],"_links":{"self":[{"href":"https:\/\/www.grandtimeshotel.com\/grand-times-drummondville\/fr\/wp-json\/wp\/v2\/pages\/35","targetHints":{"allow":["GET"]}}],"collection":[{"href":"https:\/\/www.grandtimeshotel.com\/grand-times-drummondville\/fr\/wp-json\/wp\/v2\/pages"}],"about":[{"href":"https:\/\/www.grandtimeshotel.com\/grand-times-drummondville\/fr\/wp-json\/wp\/v2\/types\/page"}],"author":[{"embeddable":true,"href":"https:\/\/www.grandtimeshotel.com\/grand-times-drummondville\/fr\/wp-json\/wp\/v2\/users\/1"}],"replies":[{"embeddable":true,"href":"https:\/\/www.grandtimeshotel.com\/grand-times-drummondville\/fr\/wp-json\/wp\/v2\/comments?post=35"}],"version-history":[{"count":22,"href":"https:\/\/www.grandtimeshotel.com\/grand-times-drummondville\/fr\/wp-json\/wp\/v2\/pages\/35\/revisions"}],"predecessor-version":[{"id":803,"href":"https:\/\/www.grandtimeshotel.com\/grand-times-drummondville\/fr\/wp-json\/wp\/v2\/pages\/35\/revisions\/803"}],"wp:attachment":[{"href":"https:\/\/www.grandtimeshotel.com\/grand-times-drummondville\/fr\/wp-json\/wp\/v2\/media?parent=35"}],"curies":[{"name":"wp","href":"https:\/\/api.w.org\/{rel}","templated":true}]}}