{"id":58,"date":"2016-02-22T22:52:04","date_gmt":"2016-02-22T22:52:04","guid":{"rendered":"http:\/\/www.grandtimeshotel.com\/grand-times-drummondville\/?page_id=58"},"modified":"2023-12-05T14:50:41","modified_gmt":"2023-12-05T14:50:41","slug":"boardroom","status":"publish","type":"page","link":"https:\/\/www.grandtimeshotel.com\/grand-times-blainville\/fr\/boardroom\/","title":{"rendered":"Meeting Rooms"},"content":{"rendered":"<p><\/p>\n<h1>Salles de r\u00e9unions corporatives<\/h1>\n<h4><\/h4>\n<ul>\n<li>5 Salles au 6<sup>e<\/sup> \u00e9tage avec grandes fen\u00eatres et vue panoramique;<\/li>\n<li>Notre plus grande salle a une capacit\u00e9 maximale de 100 personnes et fait 2400 pi.ca;<\/li>\n<li>Nos salles ont l\u2019avantage d\u2019avoir des murs amovibles qui peuvent les diviser selon vos besoins;<\/li>\n<li>Plus petites salles disponibles, parfaites pour des petites rencontres, entrevues ou autre;<\/li>\n<li>Montage disponible en Banquet, Demi-Lune, en \u00abU\u00bb, en \u00c9cole, en Carr\u00e9, en Conf\u00e9rence ou encore en Th\u00e9\u00e2tre;<\/li>\n<li>Service traiteur exclusif 5 \u00e9toiles: pause caf\u00e9, boites \u00e0 lunch, diner buffet, cocktails, soupers banquet, soir\u00e9e gala, service de bar;<\/li>\n<li>Service audio-visuel \u00e0 l&rsquo;interne;<\/li>\n<\/ul>\n<p>&nbsp;<\/p>\n<p>Veuillez communiquer avec nous pour avoir plus de d\u00e9tails ou sp\u00e9cifications:<\/p>\n<p>Audrey Saint-Germain, Superviseur aux op\u00e9rations<\/p>\n<p>Romy Lortie-Monette, Coordonatrice des ventes et Banquets<\/p>\n<p><a href=\"mailto:infoblainville@timeshotel.ca\">infoblainville@timeshotel.ca<\/a>\u00a0 ou 450-301-0155<\/p>\n<h1><\/h1>\n<p><\/p>","protected":false},"excerpt":{"rendered":"<p>Salles de r\u00e9unions corporatives 5 Salles au 6e \u00e9tage avec grandes fen\u00eatres et vue panoramique; Notre plus grande salle a une capacit\u00e9 maximale de 100 personnes et fait 2400 pi.ca; Nos salles ont l\u2019avantage d\u2019avoir des murs amovibles qui peuvent les diviser selon vos besoins; Plus petites salles disponibles, parfaites pour des petites rencontres, entrevues [&hellip;]<\/p>\n","protected":false},"author":1,"featured_media":0,"parent":0,"menu_order":0,"comment_status":"closed","ping_status":"closed","template":"guest-comments.php","meta":{"footnotes":""},"class_list":["post-58","page","type-page","status-publish","hentry"],"_links":{"self":[{"href":"https:\/\/www.grandtimeshotel.com\/grand-times-blainville\/fr\/wp-json\/wp\/v2\/pages\/58","targetHints":{"allow":["GET"]}}],"collection":[{"href":"https:\/\/www.grandtimeshotel.com\/grand-times-blainville\/fr\/wp-json\/wp\/v2\/pages"}],"about":[{"href":"https:\/\/www.grandtimeshotel.com\/grand-times-blainville\/fr\/wp-json\/wp\/v2\/types\/page"}],"author":[{"embeddable":true,"href":"https:\/\/www.grandtimeshotel.com\/grand-times-blainville\/fr\/wp-json\/wp\/v2\/users\/1"}],"replies":[{"embeddable":true,"href":"https:\/\/www.grandtimeshotel.com\/grand-times-blainville\/fr\/wp-json\/wp\/v2\/comments?post=58"}],"version-history":[{"count":13,"href":"https:\/\/www.grandtimeshotel.com\/grand-times-blainville\/fr\/wp-json\/wp\/v2\/pages\/58\/revisions"}],"predecessor-version":[{"id":1093,"href":"https:\/\/www.grandtimeshotel.com\/grand-times-blainville\/fr\/wp-json\/wp\/v2\/pages\/58\/revisions\/1093"}],"wp:attachment":[{"href":"https:\/\/www.grandtimeshotel.com\/grand-times-blainville\/fr\/wp-json\/wp\/v2\/media?parent=58"}],"curies":[{"name":"wp","href":"https:\/\/api.w.org\/{rel}","templated":true}]}}