{"id":5,"date":"2015-04-08T14:26:58","date_gmt":"2015-04-08T14:26:58","guid":{"rendered":"http:\/\/www.grandtimeshotel.com\/grand-times-drummondville\/?page_id=5"},"modified":"2025-04-29T16:29:48","modified_gmt":"2025-04-29T16:29:48","slug":"home","status":"publish","type":"page","link":"https:\/\/www.grandtimeshotel.com\/grand-times-blainville\/fr\/","title":{"rendered":"Home"},"content":{"rendered":"<p>Le Grand\u00a0 Hotel TiMES \u00e0 Blainville-Mirabel&#8230;.Vous le m\u00e9ritez<\/p>\n<p>&nbsp;<\/p>\n<p>Les H\u00f4tels TiMES sont 100% Qu\u00e9b\u00e9cois et sont meubl\u00e9s, \u00e9quip\u00e9s et entretenus par des entreprises et individus locaux.<\/p>\n<p>Le Grand H\u00f4tel TiMES Blainville-Mirabel est situ\u00e9 sur l&rsquo;Autoroute 15, en face des <a href=\"https:\/\/www.premiumoutlets.com\/montrealpremiumoutlets\">Premium Outlets Montreal<\/a> et au coeur du Quartier des Affaires.<\/p>\n<p>Notre Vision, \u00eatre chef de file h\u00f4telier dans son milieu, en constante \u00e9volution, d\u00e9passant les attentes du client.<\/p>\n<p>Du haut de nos 6 \u00e9tages, nous offrons 125 chambres et suites spacieuses et modernes, avec un design \u00e0 couper le souffle. Pour agr\u00e9menter votre s\u00e9jour, il y a une piscine int\u00e9rieure magnifique, une vaste salle d&rsquo;entrainement ultra-moderne et ensoleill\u00e9e, une terrasse ext\u00e9rieure, un service de bar dans le lobby, une buanderie client et un service de nettoyage \u00e0 sec, le petit d\u00e9jeuner continental sant\u00e9 inclus et le stationnement ext\u00e9rieur gratuit. Le stationnement int\u00e9rieur et des bornes de recharges sont \u00e9galement offerts ($).<\/p>\n<p>Au 6e \u00e9tage vous trouverez 4 salles de r\u00e9union exquises, pour plus de 2400 pi.ca. d&rsquo;espace utilisable, la plus spacieuse pouvant accueillir jusqu&rsquo;\u00e0 100 pers en banquet. Les plafonds de 16 pi, la fenestration haut de gamme permettant une vue \u00e0 360 degr\u00e9s, un service audio-visuel de pointe, un traiteur d\u00e9lectable, et le service TiMES feront de votre r\u00e9union un succ\u00e8s assur\u00e9.<\/p>","protected":false},"excerpt":{"rendered":"<p>Le Grand\u00a0 Hotel TiMES \u00e0 Blainville-Mirabel&#8230;.Vous le m\u00e9ritez &nbsp; Les H\u00f4tels TiMES sont 100% Qu\u00e9b\u00e9cois et sont meubl\u00e9s, \u00e9quip\u00e9s et entretenus par des entreprises et individus locaux. Le Grand H\u00f4tel TiMES Blainville-Mirabel est situ\u00e9 sur l&rsquo;Autoroute 15, en face des Premium Outlets Montreal et au coeur du Quartier des Affaires. Notre Vision, \u00eatre chef de [&hellip;]<\/p>\n","protected":false},"author":1,"featured_media":0,"parent":0,"menu_order":0,"comment_status":"open","ping_status":"open","template":"","meta":{"footnotes":""},"class_list":["post-5","page","type-page","status-publish","hentry"],"_links":{"self":[{"href":"https:\/\/www.grandtimeshotel.com\/grand-times-blainville\/fr\/wp-json\/wp\/v2\/pages\/5","targetHints":{"allow":["GET"]}}],"collection":[{"href":"https:\/\/www.grandtimeshotel.com\/grand-times-blainville\/fr\/wp-json\/wp\/v2\/pages"}],"about":[{"href":"https:\/\/www.grandtimeshotel.com\/grand-times-blainville\/fr\/wp-json\/wp\/v2\/types\/page"}],"author":[{"embeddable":true,"href":"https:\/\/www.grandtimeshotel.com\/grand-times-blainville\/fr\/wp-json\/wp\/v2\/users\/1"}],"replies":[{"embeddable":true,"href":"https:\/\/www.grandtimeshotel.com\/grand-times-blainville\/fr\/wp-json\/wp\/v2\/comments?post=5"}],"version-history":[{"count":57,"href":"https:\/\/www.grandtimeshotel.com\/grand-times-blainville\/fr\/wp-json\/wp\/v2\/pages\/5\/revisions"}],"predecessor-version":[{"id":1211,"href":"https:\/\/www.grandtimeshotel.com\/grand-times-blainville\/fr\/wp-json\/wp\/v2\/pages\/5\/revisions\/1211"}],"wp:attachment":[{"href":"https:\/\/www.grandtimeshotel.com\/grand-times-blainville\/fr\/wp-json\/wp\/v2\/media?parent=5"}],"curies":[{"name":"wp","href":"https:\/\/api.w.org\/{rel}","templated":true}]}}