{"id":44,"date":"2016-02-22T19:17:58","date_gmt":"2016-02-22T19:17:58","guid":{"rendered":"http:\/\/www.grandtimeshotel.com\/grand-times-drummondville\/?page_id=44"},"modified":"2024-01-16T22:26:38","modified_gmt":"2024-01-16T22:26:38","slug":"suite-vertige-king","status":"publish","type":"page","link":"https:\/\/www.grandtimeshotel.com\/grand-times-blainville\/fr\/suite-vertige-king\/","title":{"rendered":"Suite Prestige King"},"content":{"rendered":"<p><\/p>\n<h1>Suite PRESTIGE<\/h1>\n<p>Vous le m\u00e9ritez!<\/p>\n<p>G\u00e2tez-vous avec notre plus prestigieuse Suite!<\/p>\n<p>Cette Suite 2 pi\u00e8ces \u00e0 aires ouvertes a tout pour plaire! Une TV HD 55 po avec liste de programmation Premium, r\u00e9frig\u00e9rateur, cuisinette avec four micro-ondes, t\u00e9l\u00e9phone, s\u00e8che-cheveux, serviettes moelleuses, fauteuil Lounge, \u00e9clairage LED \u00e9labor\u00e9, contr\u00f4le individuel climatisation chauffage, fen\u00eatres du plancher au plafond sur 2 c\u00f4t\u00e9s, une cafeti\u00e8re et plus encore!<\/p>\n<p>Vous d\u00e9couvrirez et adorerez sa douche vitr\u00e9e 3-c\u00f4t\u00e9s exclusive!<\/p>\n<p>Configurations disponibles:<\/p>\n<ul>\n<li>Un lit King et salon complet, avec sofa Gogo unique! <a href=\"http:\/\/www.grandtimeshotel.com\/grand-times-blainville\/wp-content\/uploads\/sites\/9\/2022\/01\/02-Blainville.pdf\"><span style=\"color: #ffff00\">Cliquez ici pour voir le plan<\/span><\/a><\/li>\n<li>Notre Suite Hospitalit\u00e9 avec 2 lits escamotables et une grande cuisine! <a href=\"http:\/\/www.grandtimeshotel.com\/grand-times-blainville\/wp-content\/uploads\/sites\/9\/2022\/01\/Blainville-112.pdf\"><span style=\"color: #ffff00\">Cliquez ici pour voir le plan<\/span><\/a><\/li>\n<\/ul>\n<p><\/p>","protected":false},"excerpt":{"rendered":"<p>Suite PRESTIGE Vous le m\u00e9ritez! G\u00e2tez-vous avec notre plus prestigieuse Suite! Cette Suite 2 pi\u00e8ces \u00e0 aires ouvertes a tout pour plaire! Une TV HD 55 po avec liste de programmation Premium, r\u00e9frig\u00e9rateur, cuisinette avec four micro-ondes, t\u00e9l\u00e9phone, s\u00e8che-cheveux, serviettes moelleuses, fauteuil Lounge, \u00e9clairage LED \u00e9labor\u00e9, contr\u00f4le individuel climatisation chauffage, fen\u00eatres du plancher au plafond [&hellip;]<\/p>\n","protected":false},"author":1,"featured_media":0,"parent":0,"menu_order":0,"comment_status":"closed","ping_status":"closed","template":"rooms-template.php","meta":{"footnotes":""},"class_list":["post-44","page","type-page","status-publish","hentry"],"_links":{"self":[{"href":"https:\/\/www.grandtimeshotel.com\/grand-times-blainville\/fr\/wp-json\/wp\/v2\/pages\/44","targetHints":{"allow":["GET"]}}],"collection":[{"href":"https:\/\/www.grandtimeshotel.com\/grand-times-blainville\/fr\/wp-json\/wp\/v2\/pages"}],"about":[{"href":"https:\/\/www.grandtimeshotel.com\/grand-times-blainville\/fr\/wp-json\/wp\/v2\/types\/page"}],"author":[{"embeddable":true,"href":"https:\/\/www.grandtimeshotel.com\/grand-times-blainville\/fr\/wp-json\/wp\/v2\/users\/1"}],"replies":[{"embeddable":true,"href":"https:\/\/www.grandtimeshotel.com\/grand-times-blainville\/fr\/wp-json\/wp\/v2\/comments?post=44"}],"version-history":[{"count":16,"href":"https:\/\/www.grandtimeshotel.com\/grand-times-blainville\/fr\/wp-json\/wp\/v2\/pages\/44\/revisions"}],"predecessor-version":[{"id":1127,"href":"https:\/\/www.grandtimeshotel.com\/grand-times-blainville\/fr\/wp-json\/wp\/v2\/pages\/44\/revisions\/1127"}],"wp:attachment":[{"href":"https:\/\/www.grandtimeshotel.com\/grand-times-blainville\/fr\/wp-json\/wp\/v2\/media?parent=44"}],"curies":[{"name":"wp","href":"https:\/\/api.w.org\/{rel}","templated":true}]}}