{"id":46,"date":"2014-05-12T15:47:40","date_gmt":"2014-05-12T15:47:40","guid":{"rendered":"http:\/\/dev.grandtimeshotel.com\/grand-times-aeroport\/?page_id=46"},"modified":"2023-02-10T18:22:39","modified_gmt":"2023-02-10T18:22:39","slug":"business-center","status":"publish","type":"page","link":"https:\/\/www.grandtimeshotel.com\/grand-times-aeroport\/business-center\/","title":{"rendered":"Business Center"},"content":{"rendered":"<p><\/p>\n<h1>Business Center<\/h1>\n<table>\n<tbody>\n<tr>\n<td>Round style:<\/td>\n<td>5\u00a0people<\/td>\n<\/tr>\n<tr>\n<th colspan=\"2\">14 m<sup>2<\/sup> &#8211; 150 <sup>sq.ft.<\/sup><\/th>\n<\/tr>\n<\/tbody>\n<\/table>\n<p>For reservation or any addition audio-visual equipment, please contact us at\u00a0<a href=\"mailto:operationaeroport@timeshotel.ca\">infoaeroport@timeshotel.ca<\/a><\/p>\n<p><a href=\"http:\/\/www.grandtimeshotel.com\/grand-times-aeroport\/wp-content\/uploads\/sites\/5\/2016\/01\/Capacit\u00e9-salles-Grand-Times-Hotel-A\u00e9roport-de-Qu\u00e9bec.pdf\" target=\"_blank\" rel=\"noopener\">Download PDF<\/a><\/p>","protected":false},"excerpt":{"rendered":"<p>Business Center Round style: 5\u00a0people 14 m2 &#8211; 150 sq.ft. For reservation or any addition audio-visual equipment, please contact us at\u00a0infoaeroport@timeshotel.ca Download PDF<\/p>\n","protected":false},"author":1,"featured_media":0,"parent":0,"menu_order":0,"comment_status":"open","ping_status":"open","template":"conf-rooms-template.php","meta":{"footnotes":""},"class_list":["post-46","page","type-page","status-publish","hentry"],"_links":{"self":[{"href":"https:\/\/www.grandtimeshotel.com\/grand-times-aeroport\/wp-json\/wp\/v2\/pages\/46","targetHints":{"allow":["GET"]}}],"collection":[{"href":"https:\/\/www.grandtimeshotel.com\/grand-times-aeroport\/wp-json\/wp\/v2\/pages"}],"about":[{"href":"https:\/\/www.grandtimeshotel.com\/grand-times-aeroport\/wp-json\/wp\/v2\/types\/page"}],"author":[{"embeddable":true,"href":"https:\/\/www.grandtimeshotel.com\/grand-times-aeroport\/wp-json\/wp\/v2\/users\/1"}],"replies":[{"embeddable":true,"href":"https:\/\/www.grandtimeshotel.com\/grand-times-aeroport\/wp-json\/wp\/v2\/comments?post=46"}],"version-history":[{"count":20,"href":"https:\/\/www.grandtimeshotel.com\/grand-times-aeroport\/wp-json\/wp\/v2\/pages\/46\/revisions"}],"predecessor-version":[{"id":1066,"href":"https:\/\/www.grandtimeshotel.com\/grand-times-aeroport\/wp-json\/wp\/v2\/pages\/46\/revisions\/1066"}],"wp:attachment":[{"href":"https:\/\/www.grandtimeshotel.com\/grand-times-aeroport\/wp-json\/wp\/v2\/media?parent=46"}],"curies":[{"name":"wp","href":"https:\/\/api.w.org\/{rel}","templated":true}]}}