{"id":275,"date":"2014-06-03T21:54:32","date_gmt":"2014-06-03T21:54:32","guid":{"rendered":"http:\/\/dev.grandtimeshotel.com\/grand-times-aeroport\/?page_id=275"},"modified":"2023-01-30T16:46:43","modified_gmt":"2023-01-30T16:46:43","slug":"vip-club","status":"publish","type":"page","link":"https:\/\/www.grandtimeshotel.com\/grand-times-aeroport\/vip-club\/","title":{"rendered":"VIP Club"},"content":{"rendered":"<p><\/p>\n<h1>VIP Club Partners<\/h1>\n<p>When you stay at the Grand Times Hotel, you benefit of exclusive discounts and advantages offered by our different partners. Contact us for further details.<\/p>\n<p><a href=\"http:\/\/tuscanosquebec.com\" target=\"_blank\" rel=\"noopener\">Restaurant Tuscanos<\/a><br \/>\n<a href=\"http:\/\/www.stratos-pizzeria.com\/\" target=\"_blank\" rel=\"noopener\">Stratos Pizzeria<\/a><br \/>\n<a href=\"http:\/\/rotisseriesfusee.com\">R\u00f4tisserie Fus\u00e9e<\/a><br \/>\n<a href=\"http:\/\/www.archibaldmicrobrasserie.ca\/\" target=\"_blank\" rel=\"noopener\">Archibald Restaurant<\/a><br \/>\n<a href=\"http:\/\/www.topla.com\">Topla La bo\u00eete \u00e0 p\u00e2tes<\/a><br \/>\n<a href=\"http:\/\/lecommandant.com\">Le Commandant Resto-Bar<\/a><\/p>","protected":false},"excerpt":{"rendered":"<p>VIP Club Partners When you stay at the Grand Times Hotel, you benefit of exclusive discounts and advantages offered by our different partners. Contact us for further details. Restaurant Tuscanos Stratos Pizzeria R\u00f4tisserie Fus\u00e9e Archibald Restaurant Topla La bo\u00eete \u00e0 p\u00e2tes Le Commandant Resto-Bar<\/p>\n","protected":false},"author":1,"featured_media":278,"parent":0,"menu_order":0,"comment_status":"open","ping_status":"open","template":"guest-comments.php","meta":{"footnotes":""},"class_list":["post-275","page","type-page","status-publish","has-post-thumbnail","hentry"],"_links":{"self":[{"href":"https:\/\/www.grandtimeshotel.com\/grand-times-aeroport\/wp-json\/wp\/v2\/pages\/275","targetHints":{"allow":["GET"]}}],"collection":[{"href":"https:\/\/www.grandtimeshotel.com\/grand-times-aeroport\/wp-json\/wp\/v2\/pages"}],"about":[{"href":"https:\/\/www.grandtimeshotel.com\/grand-times-aeroport\/wp-json\/wp\/v2\/types\/page"}],"author":[{"embeddable":true,"href":"https:\/\/www.grandtimeshotel.com\/grand-times-aeroport\/wp-json\/wp\/v2\/users\/1"}],"replies":[{"embeddable":true,"href":"https:\/\/www.grandtimeshotel.com\/grand-times-aeroport\/wp-json\/wp\/v2\/comments?post=275"}],"version-history":[{"count":24,"href":"https:\/\/www.grandtimeshotel.com\/grand-times-aeroport\/wp-json\/wp\/v2\/pages\/275\/revisions"}],"predecessor-version":[{"id":1058,"href":"https:\/\/www.grandtimeshotel.com\/grand-times-aeroport\/wp-json\/wp\/v2\/pages\/275\/revisions\/1058"}],"wp:featuredmedia":[{"embeddable":true,"href":"https:\/\/www.grandtimeshotel.com\/grand-times-aeroport\/wp-json\/wp\/v2\/media\/278"}],"wp:attachment":[{"href":"https:\/\/www.grandtimeshotel.com\/grand-times-aeroport\/wp-json\/wp\/v2\/media?parent=275"}],"curies":[{"name":"wp","href":"https:\/\/api.w.org\/{rel}","templated":true}]}}