{"id":54,"date":"2014-05-12T16:49:23","date_gmt":"2014-05-12T16:49:23","guid":{"rendered":"http:\/\/dev.grandtimeshotel.com\/grand-times-aeroport\/?page_id=54"},"modified":"2024-09-06T19:47:21","modified_gmt":"2024-09-06T19:47:21","slug":"amenities","status":"publish","type":"page","link":"https:\/\/www.grandtimeshotel.com\/grand-times-aeroport\/fr\/amenities\/","title":{"rendered":"Services"},"content":{"rendered":"<p><\/p>\n<h1>Services<\/h1>\n<p>Pour vous, 161 chambres spacieuses incluant :<\/p>\n<p>La section d&rsquo;origine vous offre 111 chambres.<\/p>\n<p>Le Grand TIMES Hotel de l&rsquo;A\u00e9roport a grandi sa capacit\u00e9 de 50 magnifiques chambres de cat\u00e9gorie sup\u00e9rieure \u00ad&lt;&lt; BRAND NEW &gt;&gt;.<\/p>\n<ul>\n<li>D\u00e9jeuner continental sant\u00e9, style buffet <em>(certaines restrictions s&rsquo;appliquent)<\/em><\/li>\n<li>Stationnement pour v\u00e9hicule standard (suppl\u00e9ment $ pour les v\u00e9hicules non standards)<\/li>\n<li>Appels locaux<\/li>\n<li>Piscine int\u00e9rieure<\/li>\n<li>Salle de conditionnement physique<\/li>\n<li>Acc\u00e8s Internet sans-fil<\/li>\n<li>Terrasse ext\u00e9rieure<\/li>\n<li>Borne de recharge pour v\u00e9hicules \u00e9lectriques ($)<\/li>\n<li>Service de bar \u00e0 la r\u00e9ception ($)<\/li>\n<li>Service de nettoyage \u00e0 sec ($)<\/li>\n<li>Buanderie client ($)<\/li>\n<li>Transport sur mesure vers l&rsquo;A\u00e9roport ($)<\/li>\n<\/ul>\n<p><\/p>","protected":false},"excerpt":{"rendered":"<p>Services Pour vous, 161 chambres spacieuses incluant : La section d&rsquo;origine vous offre 111 chambres. Le Grand TIMES Hotel de l&rsquo;A\u00e9roport a grandi sa capacit\u00e9 de 50 magnifiques chambres de cat\u00e9gorie sup\u00e9rieure \u00ad&lt;&lt; BRAND NEW &gt;&gt;. D\u00e9jeuner continental sant\u00e9, style buffet (certaines restrictions s&rsquo;appliquent) Stationnement pour v\u00e9hicule standard (suppl\u00e9ment $ pour les v\u00e9hicules non standards) [&hellip;]<\/p>\n","protected":false},"author":1,"featured_media":0,"parent":0,"menu_order":0,"comment_status":"open","ping_status":"open","template":"rooms-template.php","meta":{"footnotes":""},"class_list":["post-54","page","type-page","status-publish","hentry"],"_links":{"self":[{"href":"https:\/\/www.grandtimeshotel.com\/grand-times-aeroport\/fr\/wp-json\/wp\/v2\/pages\/54","targetHints":{"allow":["GET"]}}],"collection":[{"href":"https:\/\/www.grandtimeshotel.com\/grand-times-aeroport\/fr\/wp-json\/wp\/v2\/pages"}],"about":[{"href":"https:\/\/www.grandtimeshotel.com\/grand-times-aeroport\/fr\/wp-json\/wp\/v2\/types\/page"}],"author":[{"embeddable":true,"href":"https:\/\/www.grandtimeshotel.com\/grand-times-aeroport\/fr\/wp-json\/wp\/v2\/users\/1"}],"replies":[{"embeddable":true,"href":"https:\/\/www.grandtimeshotel.com\/grand-times-aeroport\/fr\/wp-json\/wp\/v2\/comments?post=54"}],"version-history":[{"count":16,"href":"https:\/\/www.grandtimeshotel.com\/grand-times-aeroport\/fr\/wp-json\/wp\/v2\/pages\/54\/revisions"}],"predecessor-version":[{"id":1240,"href":"https:\/\/www.grandtimeshotel.com\/grand-times-aeroport\/fr\/wp-json\/wp\/v2\/pages\/54\/revisions\/1240"}],"wp:attachment":[{"href":"https:\/\/www.grandtimeshotel.com\/grand-times-aeroport\/fr\/wp-json\/wp\/v2\/media?parent=54"}],"curies":[{"name":"wp","href":"https:\/\/api.w.org\/{rel}","templated":true}]}}