{"id":5,"date":"2014-05-08T17:56:41","date_gmt":"2014-05-08T17:56:41","guid":{"rendered":"http:\/\/dev.grandtimeshotel.com\/grand-times-aeroport\/?page_id=5"},"modified":"2025-03-06T18:52:13","modified_gmt":"2025-03-06T18:52:13","slug":"home","status":"publish","type":"page","link":"https:\/\/www.grandtimeshotel.com\/grand-times-aeroport\/fr\/","title":{"rendered":"Accueil"},"content":{"rendered":"<p><\/p>\n<h1>BIENVENUE<\/h1>\n<p>GRANDTIMESHOTEL \u2013 A\u00e9roport de Qu\u00e9bec est un h\u00f4tel urbain d\u2019une architecture en b\u00e9ton vous offrant une insonorisation sup\u00e9rieure pour un s\u00e9jour de tout repos.<\/p>\n<p>Situ\u00e9 \u00e0 l\u2019entr\u00e9e de la Ville de Qu\u00e9bec et \u00e0 proximit\u00e9 des grands axes routiers, vous serez toujours qu\u2019\u00e0 quelques minutes des diff\u00e9rentes attractions de la r\u00e9gion.<\/p>\n<p>Le GRANDTIMESHOTEL, vous propose une multitude de services de qualit\u00e9 afin d\u2019agr\u00e9menter votre s\u00e9jour, que ce soit par affaire ou par simple plaisir.<\/p>\n<p>CITQ #212914<\/p>","protected":false},"excerpt":{"rendered":"<p>BIENVENUE GRANDTIMESHOTEL \u2013 A\u00e9roport de Qu\u00e9bec est un h\u00f4tel urbain d\u2019une architecture en b\u00e9ton vous offrant une insonorisation sup\u00e9rieure pour un s\u00e9jour de tout repos. Situ\u00e9 \u00e0 l\u2019entr\u00e9e de la Ville de Qu\u00e9bec et \u00e0 proximit\u00e9 des grands axes routiers, vous serez toujours qu\u2019\u00e0 quelques minutes des diff\u00e9rentes attractions de la r\u00e9gion. Le GRANDTIMESHOTEL, vous [&hellip;]<\/p>\n","protected":false},"author":1,"featured_media":0,"parent":0,"menu_order":0,"comment_status":"open","ping_status":"open","template":"","meta":{"footnotes":""},"class_list":["post-5","page","type-page","status-publish","hentry"],"_links":{"self":[{"href":"https:\/\/www.grandtimeshotel.com\/grand-times-aeroport\/fr\/wp-json\/wp\/v2\/pages\/5","targetHints":{"allow":["GET"]}}],"collection":[{"href":"https:\/\/www.grandtimeshotel.com\/grand-times-aeroport\/fr\/wp-json\/wp\/v2\/pages"}],"about":[{"href":"https:\/\/www.grandtimeshotel.com\/grand-times-aeroport\/fr\/wp-json\/wp\/v2\/types\/page"}],"author":[{"embeddable":true,"href":"https:\/\/www.grandtimeshotel.com\/grand-times-aeroport\/fr\/wp-json\/wp\/v2\/users\/1"}],"replies":[{"embeddable":true,"href":"https:\/\/www.grandtimeshotel.com\/grand-times-aeroport\/fr\/wp-json\/wp\/v2\/comments?post=5"}],"version-history":[{"count":65,"href":"https:\/\/www.grandtimeshotel.com\/grand-times-aeroport\/fr\/wp-json\/wp\/v2\/pages\/5\/revisions"}],"predecessor-version":[{"id":1248,"href":"https:\/\/www.grandtimeshotel.com\/grand-times-aeroport\/fr\/wp-json\/wp\/v2\/pages\/5\/revisions\/1248"}],"wp:attachment":[{"href":"https:\/\/www.grandtimeshotel.com\/grand-times-aeroport\/fr\/wp-json\/wp\/v2\/media?parent=5"}],"curies":[{"name":"wp","href":"https:\/\/api.w.org\/{rel}","templated":true}]}}