{"id":246,"date":"2014-05-27T15:07:27","date_gmt":"2014-05-27T15:07:27","guid":{"rendered":"http:\/\/dev.grandtimeshotel.com\/grand-times-aeroport\/?page_id=246"},"modified":"2025-09-25T15:54:43","modified_gmt":"2025-09-25T15:54:43","slug":"contact","status":"publish","type":"page","link":"https:\/\/www.grandtimeshotel.com\/grand-times-aeroport\/fr\/contact\/","title":{"rendered":"Contactez-nous"},"content":{"rendered":"<p><span data-olk-copy-source=\"MessageBody\">Directeur<\/span> G\u00e9n\u00e9rale &#8211; <span data-olk-copy-source=\"MessageBody\">Jocelyn Par\u00e9<\/span><br \/>\n<a href=\"mailto:directeuraeroport@timeshotel.ca\">directeuraeroport@timeshotel.ca<\/a><br \/>\nD\u00e9partement des ventes &#8211; <span data-olk-copy-source=\"MessageBody\">Michel Morin &amp; \u00c9lodie Ouellet<\/span><br \/>\n<a href=\"mailto:operationaeroport@timeshotel.ca\">infoaeroport@timeshotel.ca<\/a><br \/>\nPour effectuer une r\u00e9servation<br \/>\n<a title=\"Mail Reservations\" href=\"mailto:reservation@timeshotel.ca\">reservationaeroport@timeshotel.ca<\/a><\/p>","protected":false},"excerpt":{"rendered":"<p>Directeur G\u00e9n\u00e9rale &#8211; Jocelyn Par\u00e9 directeuraeroport@timeshotel.ca D\u00e9partement des ventes &#8211; Michel Morin &amp; \u00c9lodie Ouellet infoaeroport@timeshotel.ca Pour effectuer une r\u00e9servation reservationaeroport@timeshotel.ca<\/p>\n","protected":false},"author":1,"featured_media":0,"parent":0,"menu_order":0,"comment_status":"open","ping_status":"open","template":"contact-template.php","meta":{"footnotes":""},"class_list":["post-246","page","type-page","status-publish","hentry"],"_links":{"self":[{"href":"https:\/\/www.grandtimeshotel.com\/grand-times-aeroport\/fr\/wp-json\/wp\/v2\/pages\/246","targetHints":{"allow":["GET"]}}],"collection":[{"href":"https:\/\/www.grandtimeshotel.com\/grand-times-aeroport\/fr\/wp-json\/wp\/v2\/pages"}],"about":[{"href":"https:\/\/www.grandtimeshotel.com\/grand-times-aeroport\/fr\/wp-json\/wp\/v2\/types\/page"}],"author":[{"embeddable":true,"href":"https:\/\/www.grandtimeshotel.com\/grand-times-aeroport\/fr\/wp-json\/wp\/v2\/users\/1"}],"replies":[{"embeddable":true,"href":"https:\/\/www.grandtimeshotel.com\/grand-times-aeroport\/fr\/wp-json\/wp\/v2\/comments?post=246"}],"version-history":[{"count":36,"href":"https:\/\/www.grandtimeshotel.com\/grand-times-aeroport\/fr\/wp-json\/wp\/v2\/pages\/246\/revisions"}],"predecessor-version":[{"id":1254,"href":"https:\/\/www.grandtimeshotel.com\/grand-times-aeroport\/fr\/wp-json\/wp\/v2\/pages\/246\/revisions\/1254"}],"wp:attachment":[{"href":"https:\/\/www.grandtimeshotel.com\/grand-times-aeroport\/fr\/wp-json\/wp\/v2\/media?parent=246"}],"curies":[{"name":"wp","href":"https:\/\/api.w.org\/{rel}","templated":true}]}}