{"id":237,"date":"2014-05-23T16:00:29","date_gmt":"2014-05-23T16:00:29","guid":{"rendered":"http:\/\/dev.grandtimeshotel.com\/grand-times-aeroport\/?page_id=237"},"modified":"2021-06-06T01:21:15","modified_gmt":"2021-06-06T01:21:15","slug":"attractions","status":"publish","type":"page","link":"https:\/\/www.grandtimeshotel.com\/grand-times-aeroport\/fr\/attractions\/","title":{"rendered":"Attractions"},"content":{"rendered":"<p><\/p>\n<ul>\n<li><a target=\"_blank\" href=\"http:\/\/www.sepaq.com\/ct\/paq\" rel=\"noopener\">Aquarium de Qu\u00e9bec<\/a><\/li>\n<li><a target=\"_blank\" href=\"http:\/\/carnaval.qc.ca\" rel=\"noopener\">Carnaval de Qu\u00e9bec<\/a><\/li>\n<li><a target=\"_blank\" href=\"http:\/\/www.casinosduquebec.com\/charlevoix\" rel=\"noopener\">Casino de Charlevoix<\/a><\/li>\n<li><a target=\"_blank\" href=\"http:\/\/mont-sainte-anne.com\" rel=\"noopener\">Centre de ski mont Ste-Anne<\/a><\/li>\n<li><a target=\"_blank\" href=\"http:\/\/www.ski-stoneham.com\/ete\/fr-ca\/home.aspx\" rel=\"noopener\">Centre de ski Stoneham<\/a><\/li>\n<li><a target=\"_blank\" href=\"http:\/\/www.laurierquebec.com\" rel=\"noopener\">Place Laurier<\/a><\/li>\n<li><a target=\"_blank\" href=\"http:\/\/www.placestefoy.com\" rel=\"noopener\">Place Ste-Foy<\/a><\/li>\n<li><a target=\"_blank\" href=\"http:\/\/www.placedelacite.com\" rel=\"noopener\">Place de la Cit\u00e9<\/a><\/li>\n<li><a target=\"_blank\" href=\"http:\/\/www.galeriesdelacapitale.com\/fr\" rel=\"noopener\">Galeries de la Capitale<\/a><\/li>\n<li><a target=\"_blank\" href=\"http:\/\/www.sepaq.com\/ct\/pcm\/index.dot?language_id=2\" rel=\"noopener\">Chutes Montmorency <\/a><\/li>\n<li><a target=\"_blank\" href=\"http:\/\/www.cineplex.com\/Cinema\/cinema-cineplex-odeon-stefoy\" rel=\"noopener\">Cineplexe Od\u00e9on Ste-Foy<\/a><\/li>\n<li><a target=\"_blank\" href=\"http:\/\/www.assnat.qc.ca\/fr\/visiteurs\" rel=\"noopener\">Colline Parlementaire<\/a><\/li>\n<\/ul>\n<ul>\n<li><a href=\"http:\/\/www.expocite.com\/index.php\/fr\" target=\"_blank\" rel=\"noopener\">Expo Cit\u00e9<\/a><\/li>\n<li><a href=\"http:\/\/www.infofestival.com\/Accueil\/?lang=fr-CA\" target=\"_blank\" rel=\"noopener\">FEQ <\/a><\/li>\n<li><a href=\"http:\/\/www.lacitadelle.qc.ca\/fr\" target=\"_blank\" rel=\"noopener\">La citadelle de Qu\u00e9bec<\/a><\/li>\n<li><a href=\"http:\/\/www.mcq.org\/index_fr.php\" target=\"_blank\" rel=\"noopener\">Mus\u00e9e de la Civilisation<\/a><\/li>\n<li><a href=\"http:\/\/www.mcq.org\/fr\/cipr\" target=\"_blank\" rel=\"noopener\">Place Royale<\/a><\/li>\n<li><a href=\"http:\/\/www.iledorleans.com\" target=\"_blank\" rel=\"noopener\">\u00cele d\u2019Orl\u00e9ans<\/a><\/li>\n<li><a href=\"http:\/\/www.ville.quebec.qc.ca\/citoyens\/loisirs_sports\/glissoires_fiche.aspx?entID=38\" target=\"_blank\" rel=\"noopener\">Base de plein air de Ste-Foy<\/a><\/li>\n<li><a href=\"http:\/\/www.sanctuairesainteanne.org\/index.php?lang=fr\" target=\"_blank\" rel=\"noopener\">Basilique Ste-Anne de Beaupr\u00e9 <\/a><\/li>\n<li><a href=\"http:\/\/www.imaxquebec.com\" target=\"_blank\" rel=\"noopener\">Th\u00e9\u00e2tre Imax<\/a><\/li>\n<li><a href=\"http:\/\/www.marchevieuxport.com\" target=\"_blank\" rel=\"noopener\">Vieux port de Qu\u00e9bec<\/a><\/li>\n<li><a href=\"http:\/\/vieuxquebec.com\" target=\"_blank\" rel=\"noopener\">Vieux Qu\u00e9bec<\/a><\/li>\n<li><a href=\"http:\/\/www.valcartier.com\" target=\"_blank\" rel=\"noopener\">Village Vacances Valcartier<\/a><\/li>\n<\/ul>\n<p><\/p>","protected":false},"excerpt":{"rendered":"<p>Aquarium de Qu\u00e9bec Carnaval de Qu\u00e9bec Casino de Charlevoix Centre de ski mont Ste-Anne Centre de ski Stoneham Place Laurier Place Ste-Foy Place de la Cit\u00e9 Galeries de la Capitale Chutes Montmorency Cineplexe Od\u00e9on Ste-Foy Colline Parlementaire Expo Cit\u00e9 FEQ La citadelle de Qu\u00e9bec Mus\u00e9e de la Civilisation Place Royale \u00cele d\u2019Orl\u00e9ans Base de plein [&hellip;]<\/p>\n","protected":false},"author":1,"featured_media":0,"parent":0,"menu_order":0,"comment_status":"open","ping_status":"open","template":"js\/attractions-page.php","meta":{"footnotes":""},"class_list":["post-237","page","type-page","status-publish","hentry"],"_links":{"self":[{"href":"https:\/\/www.grandtimeshotel.com\/grand-times-aeroport\/fr\/wp-json\/wp\/v2\/pages\/237","targetHints":{"allow":["GET"]}}],"collection":[{"href":"https:\/\/www.grandtimeshotel.com\/grand-times-aeroport\/fr\/wp-json\/wp\/v2\/pages"}],"about":[{"href":"https:\/\/www.grandtimeshotel.com\/grand-times-aeroport\/fr\/wp-json\/wp\/v2\/types\/page"}],"author":[{"embeddable":true,"href":"https:\/\/www.grandtimeshotel.com\/grand-times-aeroport\/fr\/wp-json\/wp\/v2\/users\/1"}],"replies":[{"embeddable":true,"href":"https:\/\/www.grandtimeshotel.com\/grand-times-aeroport\/fr\/wp-json\/wp\/v2\/comments?post=237"}],"version-history":[{"count":9,"href":"https:\/\/www.grandtimeshotel.com\/grand-times-aeroport\/fr\/wp-json\/wp\/v2\/pages\/237\/revisions"}],"predecessor-version":[{"id":869,"href":"https:\/\/www.grandtimeshotel.com\/grand-times-aeroport\/fr\/wp-json\/wp\/v2\/pages\/237\/revisions\/869"}],"wp:attachment":[{"href":"https:\/\/www.grandtimeshotel.com\/grand-times-aeroport\/fr\/wp-json\/wp\/v2\/media?parent=237"}],"curies":[{"name":"wp","href":"https:\/\/api.w.org\/{rel}","templated":true}]}}