{"id":13,"date":"2014-05-09T16:20:56","date_gmt":"2014-05-09T16:20:56","guid":{"rendered":"http:\/\/dev.grandtimeshotel.com\/grand-times-aeroport\/?page_id=13"},"modified":"2023-07-05T16:33:25","modified_gmt":"2023-07-05T16:33:25","slug":"executive-loft","status":"publish","type":"page","link":"https:\/\/www.grandtimeshotel.com\/grand-times-aeroport\/fr\/executive-loft\/","title":{"rendered":"Loft Ex\u00e9cutif"},"content":{"rendered":"<p><\/p>\n<h1>LOFT EX\u00c9CUTIF<\/h1>\n<p>Incroyablement confortables, nos lits douillets et soyeux vous apporteront le bien-\u00eatre et la douceur recherch\u00e9s.<\/p>\n<ul>\n<li>1 lit king<\/li>\n<li>Espace de travail<\/li>\n<li>Coffret de s\u00e9curit\u00e9<\/li>\n<li>Grand garde-robe<\/li>\n<li>Petit frigo<\/li>\n<li>Micro-onde<\/li>\n<li>Cafeti\u00e8re<\/li>\n<li>T\u00e9l\u00e9viseur \u00e9cran plat<\/li>\n<\/ul>\n<p><\/p>","protected":false},"excerpt":{"rendered":"<p>LOFT EX\u00c9CUTIF Incroyablement confortables, nos lits douillets et soyeux vous apporteront le bien-\u00eatre et la douceur recherch\u00e9s. 1 lit king Espace de travail Coffret de s\u00e9curit\u00e9 Grand garde-robe Petit frigo Micro-onde Cafeti\u00e8re T\u00e9l\u00e9viseur \u00e9cran plat<\/p>\n","protected":false},"author":1,"featured_media":0,"parent":0,"menu_order":0,"comment_status":"open","ping_status":"open","template":"rooms-template.php","meta":{"footnotes":""},"class_list":["post-13","page","type-page","status-publish","hentry"],"_links":{"self":[{"href":"https:\/\/www.grandtimeshotel.com\/grand-times-aeroport\/fr\/wp-json\/wp\/v2\/pages\/13","targetHints":{"allow":["GET"]}}],"collection":[{"href":"https:\/\/www.grandtimeshotel.com\/grand-times-aeroport\/fr\/wp-json\/wp\/v2\/pages"}],"about":[{"href":"https:\/\/www.grandtimeshotel.com\/grand-times-aeroport\/fr\/wp-json\/wp\/v2\/types\/page"}],"author":[{"embeddable":true,"href":"https:\/\/www.grandtimeshotel.com\/grand-times-aeroport\/fr\/wp-json\/wp\/v2\/users\/1"}],"replies":[{"embeddable":true,"href":"https:\/\/www.grandtimeshotel.com\/grand-times-aeroport\/fr\/wp-json\/wp\/v2\/comments?post=13"}],"version-history":[{"count":13,"href":"https:\/\/www.grandtimeshotel.com\/grand-times-aeroport\/fr\/wp-json\/wp\/v2\/pages\/13\/revisions"}],"predecessor-version":[{"id":1143,"href":"https:\/\/www.grandtimeshotel.com\/grand-times-aeroport\/fr\/wp-json\/wp\/v2\/pages\/13\/revisions\/1143"}],"wp:attachment":[{"href":"https:\/\/www.grandtimeshotel.com\/grand-times-aeroport\/fr\/wp-json\/wp\/v2\/media?parent=13"}],"curies":[{"name":"wp","href":"https:\/\/api.w.org\/{rel}","templated":true}]}}