{"id":1111,"date":"2023-06-14T14:35:30","date_gmt":"2023-06-14T14:35:30","guid":{"rendered":"https:\/\/www.grandtimeshotel.com\/grand-times-aeroport\/?page_id=1111"},"modified":"2023-08-07T19:20:04","modified_gmt":"2023-08-07T19:20:04","slug":"prestige-suite-2","status":"publish","type":"page","link":"https:\/\/www.grandtimeshotel.com\/grand-times-aeroport\/fr\/prestige-suite-2\/","title":{"rendered":"Suite Espace Double &#8211; Nouvelle section"},"content":{"rendered":"<p><\/p>\n<h1>NOUVELLE SECTION SUP\u00c9RIEURE<\/h1>\n<h1>SUITE ESPACE DOUBLE<\/h1>\n<p>Vous le m\u00e9ritez!<\/p>\n<p>G\u00e2tez-vous avec notre l\u2019une de nos nouvelles suites!<\/p>\n<ul>\n<li>1 lit king<\/li>\n<li>Canap\u00e9 Queen 2 places<\/li>\n<li>Espace de travail<\/li>\n<li>Bain-douche<\/li>\n<li>Plancher de vinyle<\/li>\n<li>R\u00e9frig\u00e9rateur 9pi\u00b3<\/li>\n<li>Micro-onde<\/li>\n<li>Cafeti\u00e8re<\/li>\n<li>\u00a02 T\u00e9l\u00e9viseur \u00e9cran plat avec c\u00e2ble<\/li>\n<\/ul>\n<p>Cette Suite \u00e0 2 pi\u00e8ces a tout pour plaire!<\/p>\n<p>Munie d\u2019un lit escamotable cette suite peut accueillir jusqu\u2019\u00e0 4 personnes.<\/p>","protected":false},"excerpt":{"rendered":"<p>NOUVELLE SECTION SUP\u00c9RIEURE SUITE ESPACE DOUBLE Vous le m\u00e9ritez! G\u00e2tez-vous avec notre l\u2019une de nos nouvelles suites! 1 lit king Canap\u00e9 Queen 2 places Espace de travail Bain-douche Plancher de vinyle R\u00e9frig\u00e9rateur 9pi\u00b3 Micro-onde Cafeti\u00e8re \u00a02 T\u00e9l\u00e9viseur \u00e9cran plat avec c\u00e2ble Cette Suite \u00e0 2 pi\u00e8ces a tout pour plaire! Munie d\u2019un lit escamotable cette [&hellip;]<\/p>\n","protected":false},"author":4,"featured_media":0,"parent":0,"menu_order":0,"comment_status":"open","ping_status":"open","template":"rooms-template.php","meta":{"footnotes":""},"class_list":["post-1111","page","type-page","status-publish","hentry"],"_links":{"self":[{"href":"https:\/\/www.grandtimeshotel.com\/grand-times-aeroport\/fr\/wp-json\/wp\/v2\/pages\/1111","targetHints":{"allow":["GET"]}}],"collection":[{"href":"https:\/\/www.grandtimeshotel.com\/grand-times-aeroport\/fr\/wp-json\/wp\/v2\/pages"}],"about":[{"href":"https:\/\/www.grandtimeshotel.com\/grand-times-aeroport\/fr\/wp-json\/wp\/v2\/types\/page"}],"author":[{"embeddable":true,"href":"https:\/\/www.grandtimeshotel.com\/grand-times-aeroport\/fr\/wp-json\/wp\/v2\/users\/4"}],"replies":[{"embeddable":true,"href":"https:\/\/www.grandtimeshotel.com\/grand-times-aeroport\/fr\/wp-json\/wp\/v2\/comments?post=1111"}],"version-history":[{"count":10,"href":"https:\/\/www.grandtimeshotel.com\/grand-times-aeroport\/fr\/wp-json\/wp\/v2\/pages\/1111\/revisions"}],"predecessor-version":[{"id":1150,"href":"https:\/\/www.grandtimeshotel.com\/grand-times-aeroport\/fr\/wp-json\/wp\/v2\/pages\/1111\/revisions\/1150"}],"wp:attachment":[{"href":"https:\/\/www.grandtimeshotel.com\/grand-times-aeroport\/fr\/wp-json\/wp\/v2\/media?parent=1111"}],"curies":[{"name":"wp","href":"https:\/\/api.w.org\/{rel}","templated":true}]}}