{"id":1108,"date":"2023-06-14T17:42:04","date_gmt":"2023-06-14T17:42:04","guid":{"rendered":"https:\/\/www.grandtimeshotel.com\/grand-times-aeroport\/?page_id=1108"},"modified":"2024-06-19T21:43:51","modified_gmt":"2024-06-19T21:43:51","slug":"grand-comfort-2","status":"publish","type":"page","link":"https:\/\/www.grandtimeshotel.com\/grand-times-aeroport\/fr\/grand-comfort-2\/","title":{"rendered":"Grand Confort Sup\u00e9rieure &#8211; Nouvelle Section"},"content":{"rendered":"<p><\/p>\n<h1>NOUVELLE SECTION SUP\u00c9RIEURE<\/h1>\n<h1>GRAND CONFORT &#8211; SUP\u00c9RIEURE<\/h1>\n<p>Une magnifique chambre spacieuse et d\u00e9contract\u00e9e pour r\u00e9pondre \u00e0 votre style unique.<\/p>\n<p>Votre chambre comprend:<\/p>\n<ul>\n<li>Espace de travail et fauteuil<\/li>\n<li>Cafeti\u00e8re<\/li>\n<li>T\u00e9l\u00e9viseur HD 55po<\/li>\n<li>Certaines chambres sont dot\u00e9es de tapis hypo-allerg\u00e8ne, d\u2019autres de plancher vinyle de qualit\u00e9 sup\u00e9rieure.<\/li>\n<\/ul>\n<p>&nbsp;<\/p>\n<p>Plusieurs configurations sont disponibles:<\/p>\n<ul>\n<li>Un lit King &amp; un lit escamotable Queen, douche vitr\u00e9e<\/li>\n<li>Un lit King avec une douche vitr\u00e9e<\/li>\n<li>Deux lits Queen, douche vitr\u00e9e<\/li>\n<li>Adapt\u00e9e avec un lit Queen &amp; un lit escamotable Queen, bain-douche (plancher de vinyle)<\/li>\n<\/ul>\n<p><\/p>","protected":false},"excerpt":{"rendered":"<p>NOUVELLE SECTION SUP\u00c9RIEURE GRAND CONFORT &#8211; SUP\u00c9RIEURE Une magnifique chambre spacieuse et d\u00e9contract\u00e9e pour r\u00e9pondre \u00e0 votre style unique. Votre chambre comprend: Espace de travail et fauteuil Cafeti\u00e8re T\u00e9l\u00e9viseur HD 55po Certaines chambres sont dot\u00e9es de tapis hypo-allerg\u00e8ne, d\u2019autres de plancher vinyle de qualit\u00e9 sup\u00e9rieure. &nbsp; Plusieurs configurations sont disponibles: Un lit King &amp; un [&hellip;]<\/p>\n","protected":false},"author":4,"featured_media":0,"parent":0,"menu_order":0,"comment_status":"open","ping_status":"open","template":"rooms-template.php","meta":{"footnotes":""},"class_list":["post-1108","page","type-page","status-publish","hentry"],"_links":{"self":[{"href":"https:\/\/www.grandtimeshotel.com\/grand-times-aeroport\/fr\/wp-json\/wp\/v2\/pages\/1108","targetHints":{"allow":["GET"]}}],"collection":[{"href":"https:\/\/www.grandtimeshotel.com\/grand-times-aeroport\/fr\/wp-json\/wp\/v2\/pages"}],"about":[{"href":"https:\/\/www.grandtimeshotel.com\/grand-times-aeroport\/fr\/wp-json\/wp\/v2\/types\/page"}],"author":[{"embeddable":true,"href":"https:\/\/www.grandtimeshotel.com\/grand-times-aeroport\/fr\/wp-json\/wp\/v2\/users\/4"}],"replies":[{"embeddable":true,"href":"https:\/\/www.grandtimeshotel.com\/grand-times-aeroport\/fr\/wp-json\/wp\/v2\/comments?post=1108"}],"version-history":[{"count":9,"href":"https:\/\/www.grandtimeshotel.com\/grand-times-aeroport\/fr\/wp-json\/wp\/v2\/pages\/1108\/revisions"}],"predecessor-version":[{"id":1225,"href":"https:\/\/www.grandtimeshotel.com\/grand-times-aeroport\/fr\/wp-json\/wp\/v2\/pages\/1108\/revisions\/1225"}],"wp:attachment":[{"href":"https:\/\/www.grandtimeshotel.com\/grand-times-aeroport\/fr\/wp-json\/wp\/v2\/media?parent=1108"}],"curies":[{"name":"wp","href":"https:\/\/api.w.org\/{rel}","templated":true}]}}