{"id":11,"date":"2014-05-09T16:20:05","date_gmt":"2014-05-09T16:20:05","guid":{"rendered":"http:\/\/dev.grandtimeshotel.com\/grand-times-aeroport\/?page_id=11"},"modified":"2024-06-19T21:46:11","modified_gmt":"2024-06-19T21:46:11","slug":"grand-comfort","status":"publish","type":"page","link":"https:\/\/www.grandtimeshotel.com\/grand-times-aeroport\/fr\/grand-comfort\/","title":{"rendered":"Grand Confort"},"content":{"rendered":"<p><\/p>\n<h1>GRAND CONFORT<\/h1>\n<p>Une chambre spacieuse et d\u00e9contract\u00e9e pour r\u00e9pondre \u00e0 votre style unique.<\/p>\n<ul>\n<li>1 ou 2 lits Queen<\/li>\n<li>Espace de travail<\/li>\n<li>T\u00e9l\u00e9viseur \u00e9cran plat<\/li>\n<li>Cafeti\u00e8re<\/li>\n<li>Petit frigo<\/li>\n<\/ul>\n<p><\/p>","protected":false},"excerpt":{"rendered":"<p>GRAND CONFORT Une chambre spacieuse et d\u00e9contract\u00e9e pour r\u00e9pondre \u00e0 votre style unique. 1 ou 2 lits Queen Espace de travail T\u00e9l\u00e9viseur \u00e9cran plat Cafeti\u00e8re Petit frigo<\/p>\n","protected":false},"author":1,"featured_media":0,"parent":0,"menu_order":0,"comment_status":"open","ping_status":"open","template":"rooms-template.php","meta":{"footnotes":""},"class_list":["post-11","page","type-page","status-publish","hentry"],"_links":{"self":[{"href":"https:\/\/www.grandtimeshotel.com\/grand-times-aeroport\/fr\/wp-json\/wp\/v2\/pages\/11","targetHints":{"allow":["GET"]}}],"collection":[{"href":"https:\/\/www.grandtimeshotel.com\/grand-times-aeroport\/fr\/wp-json\/wp\/v2\/pages"}],"about":[{"href":"https:\/\/www.grandtimeshotel.com\/grand-times-aeroport\/fr\/wp-json\/wp\/v2\/types\/page"}],"author":[{"embeddable":true,"href":"https:\/\/www.grandtimeshotel.com\/grand-times-aeroport\/fr\/wp-json\/wp\/v2\/users\/1"}],"replies":[{"embeddable":true,"href":"https:\/\/www.grandtimeshotel.com\/grand-times-aeroport\/fr\/wp-json\/wp\/v2\/comments?post=11"}],"version-history":[{"count":14,"href":"https:\/\/www.grandtimeshotel.com\/grand-times-aeroport\/fr\/wp-json\/wp\/v2\/pages\/11\/revisions"}],"predecessor-version":[{"id":1227,"href":"https:\/\/www.grandtimeshotel.com\/grand-times-aeroport\/fr\/wp-json\/wp\/v2\/pages\/11\/revisions\/1227"}],"wp:attachment":[{"href":"https:\/\/www.grandtimeshotel.com\/grand-times-aeroport\/fr\/wp-json\/wp\/v2\/media?parent=11"}],"curies":[{"name":"wp","href":"https:\/\/api.w.org\/{rel}","templated":true}]}}